{"id":77,"date":"2022-07-27T06:18:40","date_gmt":"2022-07-27T06:18:40","guid":{"rendered":"https:\/\/weblearnbd.net\/wp\/arvilax\/?page_id=77"},"modified":"2025-06-09T10:42:40","modified_gmt":"2025-06-09T10:42:40","slug":"contacto","status":"publish","type":"page","link":"https:\/\/advancedsecuritytools.com\/en\/contacto\/","title":{"rendered":"Contact"},"content":{"rendered":"<div data-elementor-type=\"wp-page\" data-elementor-id=\"77\" class=\"elementor elementor-77\">\n\t\t\t\t\t\t<section class=\"elementor-section elementor-top-section elementor-element elementor-element-736aa9d elementor-section-boxed elementor-section-height-default elementor-section-height-default\" data-id=\"736aa9d\" data-element_type=\"section\" data-e-type=\"section\">\n\t\t\t\t\t\t<div class=\"elementor-container elementor-column-gap-no\">\n\t\t\t\t\t<div class=\"elementor-column elementor-col-100 elementor-top-column elementor-element elementor-element-15726a3\" data-id=\"15726a3\" data-element_type=\"column\" data-e-type=\"column\">\n\t\t\t<div class=\"elementor-widget-wrap elementor-element-populated\">\n\t\t\t\t\t\t<div class=\"elementor-element elementor-element-54748ec elementor-widget elementor-widget-tp-contact-info\" data-id=\"54748ec\" data-element_type=\"widget\" data-e-type=\"widget\" data-widget_type=\"tp-contact-info.default\">\n\t\t\t\t<div class=\"elementor-widget-container\">\n\t\t\t\t\t\r\n\r\n<div class=\"contact-from-section ele-section\">\r\n    <div class=\"container\">\r\n        <div class=\"row\">\r\n            \r\n                            <div class=\"col-xl-4 col-lg-4 col-md-4 col-sm-12\">\r\n                <div class=\"ct-info__box text-center pt-50 pb-50\">\r\n                \r\n                                                                        <span class=\"mb-25 d-inline-block ele-icon\"><i aria-hidden=\"true\" class=\"tp pe-7s-map-marker\"><\/i><\/span>\r\n                                            \r\n                                            <h3 class=\"ct-info__box-title ele-title\">Adress<\/h3>\r\n                    \r\n                                        <p class=\"p-0 ele-des\">Paseo de la Castellana 200, Edificio Spaces\n28046 Madrid<\/p>\r\n                                        \r\n                <\/div>\r\n            <\/div>\r\n                            <div class=\"col-xl-4 col-lg-4 col-md-4 col-sm-12\">\r\n                <div class=\"ct-info__box text-center pt-50 pb-50\">\r\n                \r\n                                                                        <span class=\"mb-25 d-inline-block ele-icon\"><i aria-hidden=\"true\" class=\"tp pe-7s-phone\"><\/i><\/span>\r\n                                            \r\n                                            <h3 class=\"ct-info__box-title ele-title\">Phone<\/h3>\r\n                    \r\n                                        <p class=\"p-0 ele-des\">\n                        <a href=\"tel:++34919047330\">+34 919 047 330<\/a> (Espa\u00f1a) <br>\n <a href=\"tel:+381645722424\">+381 645722424<\/a>  (Serbia)<br>\n                       <\/p>\r\n                                        \r\n                <\/div>\r\n            <\/div>\r\n                            <div class=\"col-xl-4 col-lg-4 col-md-4 col-sm-12\">\r\n                <div class=\"ct-info__box text-center pt-50 pb-50\">\r\n                \r\n                                                                        <span class=\"mb-25 d-inline-block ele-icon\"><i aria-hidden=\"true\" class=\"fal fa-envelope\"><\/i><\/span>\r\n                                            \r\n                                            <h3 class=\"ct-info__box-title ele-title\">Email<\/h3>\r\n                    \r\n                                        <p class=\"p-0 ele-des\"> <a href=\"mailto:info@advancedsecuritytools.com\">info@advancedsecuritytools.com<\/a>\n                       <\/p>\r\n                                        \r\n                <\/div>\r\n            <\/div>\r\n            \r\n        <\/div>\r\n    <\/div>\r\n<\/div>\r\n\r\n\r\n\r\n\r\n\t\t\t\t<\/div>\n\t\t\t\t<\/div>\n\t\t\t\t\t<\/div>\n\t\t<\/div>\n\t\t\t\t\t<\/div>\n\t\t<\/section>\n\t\t\t\t<section class=\"elementor-section elementor-top-section elementor-element elementor-element-838666e elementor-section-boxed elementor-section-height-default elementor-section-height-default\" data-id=\"838666e\" data-element_type=\"section\" data-e-type=\"section\">\n\t\t\t\t\t\t<div class=\"elementor-container elementor-column-gap-default\">\n\t\t\t\t\t<div class=\"elementor-column elementor-col-100 elementor-top-column elementor-element elementor-element-f57f8ab\" data-id=\"f57f8ab\" data-element_type=\"column\" data-e-type=\"column\">\n\t\t\t<div class=\"elementor-widget-wrap elementor-element-populated\">\n\t\t\t\t\t\t<div class=\"elementor-element elementor-element-2f3542d elementor-widget elementor-widget-shortcode\" data-id=\"2f3542d\" data-element_type=\"widget\" data-e-type=\"widget\" data-widget_type=\"shortcode.default\">\n\t\t\t\t<div class=\"elementor-widget-container\">\n\t\t\t\t\t\t\t<div class=\"elementor-shortcode\">\n<div class=\"wpcf7 no-js\" id=\"wpcf7-f1446-o1\" lang=\"en-US\" dir=\"ltr\" data-wpcf7-id=\"1446\">\n<div class=\"screen-reader-response\"><p role=\"status\" aria-live=\"polite\" aria-atomic=\"true\"><\/p> <ul><\/ul><\/div>\n<form action=\"\/en\/wp-json\/wp\/v2\/pages\/77#wpcf7-f1446-o1\" method=\"post\" class=\"wpcf7-form init\" aria-label=\"Contact form\" novalidate=\"novalidate\" data-status=\"init\" data-trp-original-action=\"\/en\/wp-json\/wp\/v2\/pages\/77#wpcf7-f1446-o1\">\n<fieldset class=\"hidden-fields-container\"><input type=\"hidden\" name=\"_wpcf7\" value=\"1446\" \/><input type=\"hidden\" name=\"_wpcf7_version\" value=\"6.1.5\" \/><input type=\"hidden\" name=\"_wpcf7_locale\" value=\"en_US\" \/><input type=\"hidden\" name=\"_wpcf7_unit_tag\" value=\"wpcf7-f1446-o1\" \/><input type=\"hidden\" name=\"_wpcf7_container_post\" value=\"0\" \/><input type=\"hidden\" name=\"_wpcf7_posted_data_hash\" value=\"\" \/><input type=\"hidden\" name=\"_wpcf7_recaptcha_response\" value=\"\" \/>\n<\/fieldset>\n<div class=\"tp-ct-form white-bg pl-110 pr-110 pt-80 pb-130\">\n<span class=\"wpcf7-form-control-wrap\" data-name=\"your-name\"><input size=\"40\" maxlength=\"400\" class=\"wpcf7-form-control wpcf7-text wpcf7-validates-as-required\" aria-required=\"true\" aria-invalid=\"false\" placeholder=\"Complete Name\" value=\"\" type=\"text\" name=\"your-name\" \/><\/span>\n<span class=\"wpcf7-form-control-wrap\" data-name=\"email\"><input size=\"40\" maxlength=\"400\" class=\"wpcf7-form-control wpcf7-email wpcf7-validates-as-required wpcf7-text wpcf7-validates-as-email\" aria-required=\"true\" aria-invalid=\"false\" placeholder=\"Email\" value=\"\" type=\"email\" name=\"email\" \/><\/span>\n<span class=\"wpcf7-form-control-wrap\" data-name=\"tel-591\"><input size=\"40\" maxlength=\"400\" class=\"wpcf7-form-control wpcf7-tel wpcf7-validates-as-required wpcf7-text wpcf7-validates-as-tel\" aria-required=\"true\" aria-invalid=\"false\" placeholder=\"Phone\" value=\"\" type=\"tel\" name=\"tel-591\" \/><\/span>\n<span class=\"wpcf7-form-control-wrap\" data-name=\"subject\"><input size=\"40\" maxlength=\"400\" class=\"wpcf7-form-control wpcf7-text wpcf7-validates-as-required\" aria-required=\"true\" aria-invalid=\"false\" placeholder=\"Subject\" value=\"\" type=\"text\" name=\"subject\" \/><\/span>\n<span class=\"wpcf7-form-control-wrap\" data-name=\"textarea\"><textarea cols=\"40\" rows=\"10\" maxlength=\"2000\" class=\"wpcf7-form-control wpcf7-textarea wpcf7-validates-as-required\" aria-required=\"true\" aria-invalid=\"false\" placeholder=\"Message\" name=\"textarea\"><\/textarea><\/span>\n <div class=\"checkbox\"><span class=\"wpcf7-list-item first last\"><input type=\"checkbox\" name=\"default:[]\"><span class=\"wpcf7-list-item-label\">I have read and accept the <a target=\"_blank\" rel=\"nofollow noopener noreferrer\" href=\"https:\/\/advancedsecuritytools.com\/en\/politica-de-privacidad\/\">privacy policy<\/a><\/span><\/span>                      \n<div class=\"text-center\">\n\n                           <button type=\"submit\" class=\"tp-btn-border\">Send Message <span>\n\n                                 <svg width=\"22\" height=\"8\" viewbox=\"0 0 22 8\" fill=\"none\" xmlns=\"http:\/\/www.w3.org\/2000\/svg\">\n                                    <path d=\"M21.3536 4.35356C21.5488 4.15829 21.5488 3.84171 21.3536 3.64645L18.1716 0.464468C17.9763 0.269205 17.6597 0.269205 17.4645 0.464468C17.2692 0.65973 17.2692 0.976312 17.4645 1.17157L20.2929 4L17.4645 6.82843C17.2692 7.02369 17.2692 7.34027 17.4645 7.53554C17.6597 7.7308 17.9763 7.7308 18.1716 7.53554L21.3536 4.35356ZM-4.37114e-08 4.5L21 4.5L21 3.5L4.37114e-08 3.5L-4.37114e-08 4.5Z\" fill=\"currentColor\"><\/path>\n                                 <\/svg>\n                                 <svg width=\"22\" height=\"8\" viewbox=\"0 0 22 8\" fill=\"none\" xmlns=\"http:\/\/www.w3.org\/2000\/svg\">\n                                    <path d=\"M21.3536 4.35356C21.5488 4.15829 21.5488 3.84171 21.3536 3.64645L18.1716 0.464468C17.9763 0.269205 17.6597 0.269205 17.4645 0.464468C17.2692 0.65973 17.2692 0.976312 17.4645 1.17157L20.2929 4L17.4645 6.82843C17.2692 7.02369 17.2692 7.34027 17.4645 7.53554C17.6597 7.7308 17.9763 7.7308 18.1716 7.53554L21.3536 4.35356ZM-4.37114e-08 4.5L21 4.5L21 3.5L4.37114e-08 3.5L-4.37114e-08 4.5Z\" fill=\"currentColor\"><\/path>\n                                 <\/svg>\n                              <\/span><\/button>\n                        <\/div>\n\n                  <\/div><div class=\"wpcf7-response-output\" aria-hidden=\"true\"><\/div>\n<input type=\"hidden\" name=\"trp-form-language\" value=\"en\"\/><\/form>\n<\/div>\n<\/div>\n\t\t\t\t\t\t<\/div>\n\t\t\t\t<\/div>\n\t\t\t\t\t<\/div>\n\t\t<\/div>\n\t\t\t\t\t<\/div>\n\t\t<\/section>\n\t\t\t\t<section class=\"elementor-section elementor-top-section elementor-element elementor-element-5c95e39 elementor-section-full_width elementor-section-height-default elementor-section-height-default\" data-id=\"5c95e39\" data-element_type=\"section\" data-e-type=\"section\">\n\t\t\t\t\t\t<div class=\"elementor-container elementor-column-gap-no\">\n\t\t\t\t\t<div class=\"elementor-column elementor-col-100 elementor-top-column elementor-element elementor-element-a2493c9\" data-id=\"a2493c9\" data-element_type=\"column\" data-e-type=\"column\">\n\t\t\t<div class=\"elementor-widget-wrap elementor-element-populated\">\n\t\t\t\t\t\t<div class=\"elementor-element elementor-element-a9f3035 elementor-widget elementor-widget-google_maps\" data-id=\"a9f3035\" data-element_type=\"widget\" data-e-type=\"widget\" data-widget_type=\"google_maps.default\">\n\t\t\t\t<div class=\"elementor-widget-container\">\n\t\t\t\t\t\t\t<div class=\"elementor-custom-embed\">\n\t\t\t<iframe loading=\"lazy\"\n\t\t\t\t\tsrc=\"https:\/\/maps.google.com\/maps?q=edificio%20Spaces%2C%20P.%C2%BA%20de%20la%20Castellana%2C%20200%2C%2028046%20Madrid&#038;t=m&#038;z=17&#038;output=embed&#038;iwloc=near\"\n\t\t\t\t\ttitle=\"edificio Spaces, P.\u00ba de la Castellana, 200, 28046 Madrid\"\n\t\t\t\t\taria-label=\"edificio Spaces, P.\u00ba de la Castellana, 200, 28046 Madrid\"\n\t\t\t><\/iframe>\n\t\t<\/div>\n\t\t\t\t\t\t<\/div>\n\t\t\t\t<\/div>\n\t\t\t\t\t<\/div>\n\t\t<\/div>\n\t\t\t\t\t<\/div>\n\t\t<\/section>\n\t\t\t\t<\/div>","protected":false},"excerpt":{"rendered":"<p>Direcci\u00f3n Paseo de la Castellana 200, Edificio Spaces 28046 Madrid Tel\u00e9fono +34 919 047 330 (Espa\u00f1a) +381 645722424 (Serbia) Email info@advancedsecuritytools.com<\/p>","protected":false},"author":1,"featured_media":0,"parent":0,"menu_order":0,"comment_status":"closed","ping_status":"closed","template":"elementor_header_footer","meta":{"footnotes":""},"class_list":["post-77","page","type-page","status-publish","hentry"],"yoast_head":"<!-- This site is optimized with the Yoast SEO plugin v27.3 - https:\/\/yoast.com\/product\/yoast-seo-wordpress\/ -->\n<title>Advanced Security Business Group - Contacto<\/title>\n<meta name=\"description\" content=\"Advanced Security Business Group. Contacten con nosotros. Empresa de seguridad internacional.\" \/>\n<meta name=\"robots\" content=\"index, follow, max-snippet:-1, max-image-preview:large, max-video-preview:-1\" \/>\n<link rel=\"canonical\" href=\"https:\/\/advancedsecuritytools.com\/en\/contacto\/\" \/>\n<meta property=\"og:locale\" content=\"en_GB\" \/>\n<meta property=\"og:type\" content=\"article\" \/>\n<meta property=\"og:title\" content=\"Advanced Security Business Group - Contacto\" \/>\n<meta property=\"og:description\" content=\"Advanced Security Business Group. Contacten con nosotros. Empresa de seguridad internacional.\" \/>\n<meta property=\"og:url\" content=\"https:\/\/advancedsecuritytools.com\/en\/contacto\/\" \/>\n<meta property=\"og:site_name\" content=\"Consultor&iacute;a de seguridad\" \/>\n<meta property=\"article:modified_time\" content=\"2025-06-09T10:42:40+00:00\" \/>\n<meta name=\"twitter:card\" content=\"summary_large_image\" \/>\n<meta name=\"twitter:label1\" content=\"Estimated reading time\" \/>\n\t<meta name=\"twitter:data1\" content=\"1 minute\" \/>\n<script type=\"application\/ld+json\" class=\"yoast-schema-graph\">{\"@context\":\"https:\\\/\\\/schema.org\",\"@graph\":[{\"@type\":\"WebPage\",\"@id\":\"https:\\\/\\\/advancedsecuritytools.com\\\/contacto\\\/\",\"url\":\"https:\\\/\\\/advancedsecuritytools.com\\\/contacto\\\/\",\"name\":\"Advanced Security Business Group - Contacto\",\"isPartOf\":{\"@id\":\"https:\\\/\\\/advancedsecuritytools.com\\\/#website\"},\"datePublished\":\"2022-07-27T06:18:40+00:00\",\"dateModified\":\"2025-06-09T10:42:40+00:00\",\"description\":\"Advanced Security Business Group. Contacten con nosotros. Empresa de seguridad internacional.\",\"breadcrumb\":{\"@id\":\"https:\\\/\\\/advancedsecuritytools.com\\\/contacto\\\/#breadcrumb\"},\"inLanguage\":\"en-GB\",\"potentialAction\":[{\"@type\":\"ReadAction\",\"target\":[\"https:\\\/\\\/advancedsecuritytools.com\\\/contacto\\\/\"]}]},{\"@type\":\"BreadcrumbList\",\"@id\":\"https:\\\/\\\/advancedsecuritytools.com\\\/contacto\\\/#breadcrumb\",\"itemListElement\":[{\"@type\":\"ListItem\",\"position\":1,\"name\":\"Portada\",\"item\":\"https:\\\/\\\/advancedsecuritytools.com\\\/\"},{\"@type\":\"ListItem\",\"position\":2,\"name\":\"Contacto\"}]},{\"@type\":\"WebSite\",\"@id\":\"https:\\\/\\\/advancedsecuritytools.com\\\/#website\",\"url\":\"https:\\\/\\\/advancedsecuritytools.com\\\/\",\"name\":\"Consultor&iacute;a de seguridad\",\"description\":\"Seguridad internacional\",\"publisher\":{\"@id\":\"https:\\\/\\\/advancedsecuritytools.com\\\/#organization\"},\"potentialAction\":[{\"@type\":\"SearchAction\",\"target\":{\"@type\":\"EntryPoint\",\"urlTemplate\":\"https:\\\/\\\/advancedsecuritytools.com\\\/?s={search_term_string}\"},\"query-input\":{\"@type\":\"PropertyValueSpecification\",\"valueRequired\":true,\"valueName\":\"search_term_string\"}}],\"inLanguage\":\"en-GB\"},{\"@type\":\"Organization\",\"@id\":\"https:\\\/\\\/advancedsecuritytools.com\\\/#organization\",\"name\":\"Consultor&iacute;a de seguridad\",\"url\":\"https:\\\/\\\/advancedsecuritytools.com\\\/\",\"logo\":{\"@type\":\"ImageObject\",\"inLanguage\":\"en-GB\",\"@id\":\"https:\\\/\\\/advancedsecuritytools.com\\\/#\\\/schema\\\/logo\\\/image\\\/\",\"url\":\"https:\\\/\\\/advancedsecuritytools.com\\\/wp-content\\\/uploads\\\/2023\\\/06\\\/logo-web-ASBG.png\",\"contentUrl\":\"https:\\\/\\\/advancedsecuritytools.com\\\/wp-content\\\/uploads\\\/2023\\\/06\\\/logo-web-ASBG.png\",\"width\":250,\"height\":138,\"caption\":\"Consultor&iacute;a de seguridad\"},\"image\":{\"@id\":\"https:\\\/\\\/advancedsecuritytools.com\\\/#\\\/schema\\\/logo\\\/image\\\/\"},\"sameAs\":[\"https:\\\/\\\/www.linkedin.com\\\/company\\\/advanced-security-business-group\"]}]}<\/script>\n<!-- \/ Yoast SEO plugin. -->","yoast_head_json":{"title":"Advanced Security Business Group - Contacto","description":"Advanced Security Business Group. Contacten con nosotros. Empresa de seguridad internacional.","robots":{"index":"index","follow":"follow","max-snippet":"max-snippet:-1","max-image-preview":"max-image-preview:large","max-video-preview":"max-video-preview:-1"},"canonical":"https:\/\/advancedsecuritytools.com\/en\/contacto\/","og_locale":"en_GB","og_type":"article","og_title":"Advanced Security Business Group - Contacto","og_description":"Advanced Security Business Group. Contacten con nosotros. Empresa de seguridad internacional.","og_url":"https:\/\/advancedsecuritytools.com\/en\/contacto\/","og_site_name":"Consultor&iacute;a de seguridad","article_modified_time":"2025-06-09T10:42:40+00:00","twitter_card":"summary_large_image","twitter_misc":{"Estimated reading time":"1 minute"},"schema":{"@context":"https:\/\/schema.org","@graph":[{"@type":"WebPage","@id":"https:\/\/advancedsecuritytools.com\/contacto\/","url":"https:\/\/advancedsecuritytools.com\/contacto\/","name":"Advanced Security Business Group - Contacto","isPartOf":{"@id":"https:\/\/advancedsecuritytools.com\/#website"},"datePublished":"2022-07-27T06:18:40+00:00","dateModified":"2025-06-09T10:42:40+00:00","description":"Advanced Security Business Group. Contacten con nosotros. Empresa de seguridad internacional.","breadcrumb":{"@id":"https:\/\/advancedsecuritytools.com\/contacto\/#breadcrumb"},"inLanguage":"en-GB","potentialAction":[{"@type":"ReadAction","target":["https:\/\/advancedsecuritytools.com\/contacto\/"]}]},{"@type":"BreadcrumbList","@id":"https:\/\/advancedsecuritytools.com\/contacto\/#breadcrumb","itemListElement":[{"@type":"ListItem","position":1,"name":"Portada","item":"https:\/\/advancedsecuritytools.com\/"},{"@type":"ListItem","position":2,"name":"Contacto"}]},{"@type":"WebSite","@id":"https:\/\/advancedsecuritytools.com\/#website","url":"https:\/\/advancedsecuritytools.com\/","name":"Home","description":"International Scope","publisher":{"@id":"https:\/\/advancedsecuritytools.com\/#organization"},"potentialAction":[{"@type":"SearchAction","target":{"@type":"EntryPoint","urlTemplate":"https:\/\/advancedsecuritytools.com\/?s={search_term_string}"},"query-input":{"@type":"PropertyValueSpecification","valueRequired":true,"valueName":"search_term_string"}}],"inLanguage":"en-GB"},{"@type":"Organization","@id":"https:\/\/advancedsecuritytools.com\/#organization","name":"Home","url":"https:\/\/advancedsecuritytools.com\/","logo":{"@type":"ImageObject","inLanguage":"en-GB","@id":"https:\/\/advancedsecuritytools.com\/#\/schema\/logo\/image\/","url":"https:\/\/advancedsecuritytools.com\/wp-content\/uploads\/2023\/06\/logo-web-ASBG.png","contentUrl":"https:\/\/advancedsecuritytools.com\/wp-content\/uploads\/2023\/06\/logo-web-ASBG.png","width":250,"height":138,"caption":"Consultor&iacute;a de seguridad"},"image":{"@id":"https:\/\/advancedsecuritytools.com\/#\/schema\/logo\/image\/"},"sameAs":["https:\/\/www.linkedin.com\/company\/advanced-security-business-group"]}]}},"_links":{"self":[{"href":"https:\/\/advancedsecuritytools.com\/en\/wp-json\/wp\/v2\/pages\/77","targetHints":{"allow":["GET"]}}],"collection":[{"href":"https:\/\/advancedsecuritytools.com\/en\/wp-json\/wp\/v2\/pages"}],"about":[{"href":"https:\/\/advancedsecuritytools.com\/en\/wp-json\/wp\/v2\/types\/page"}],"author":[{"embeddable":true,"href":"https:\/\/advancedsecuritytools.com\/en\/wp-json\/wp\/v2\/users\/1"}],"replies":[{"embeddable":true,"href":"https:\/\/advancedsecuritytools.com\/en\/wp-json\/wp\/v2\/comments?post=77"}],"version-history":[{"count":17,"href":"https:\/\/advancedsecuritytools.com\/en\/wp-json\/wp\/v2\/pages\/77\/revisions"}],"predecessor-version":[{"id":2602,"href":"https:\/\/advancedsecuritytools.com\/en\/wp-json\/wp\/v2\/pages\/77\/revisions\/2602"}],"wp:attachment":[{"href":"https:\/\/advancedsecuritytools.com\/en\/wp-json\/wp\/v2\/media?parent=77"}],"curies":[{"name":"wp","href":"https:\/\/api.w.org\/{rel}","templated":true}]}}