{"id":2155,"date":"2023-06-25T18:47:06","date_gmt":"2023-06-25T18:47:06","guid":{"rendered":"https:\/\/advancedsecuritytools.com\/?page_id=2155"},"modified":"2023-10-24T14:19:42","modified_gmt":"2023-10-24T14:19:42","slug":"politica-de-cookies","status":"publish","type":"page","link":"https:\/\/advancedsecuritytools.com\/en\/politica-de-cookies\/","title":{"rendered":"Cookies Policy"},"content":{"rendered":"<div data-elementor-type=\"wp-page\" data-elementor-id=\"2155\" class=\"elementor elementor-2155\">\n\t\t\t\t\t\t<section class=\"elementor-section elementor-top-section elementor-element elementor-element-c4da2a6 elementor-section-boxed elementor-section-height-default elementor-section-height-default\" data-id=\"c4da2a6\" data-element_type=\"section\" data-e-type=\"section\">\n\t\t\t\t\t\t<div class=\"elementor-container elementor-column-gap-default\">\n\t\t\t\t\t<div class=\"elementor-column elementor-col-100 elementor-top-column elementor-element elementor-element-e92ad8c\" data-id=\"e92ad8c\" data-element_type=\"column\" data-e-type=\"column\">\n\t\t\t<div class=\"elementor-widget-wrap elementor-element-populated\">\n\t\t\t\t\t\t<div class=\"elementor-element elementor-element-490a457 elementor-widget elementor-widget-heading\" data-id=\"490a457\" data-element_type=\"widget\" data-e-type=\"widget\" data-widget_type=\"heading.default\">\n\t\t\t\t<div class=\"elementor-widget-container\">\n\t\t\t\t\t<h3 class=\"elementor-heading-title elementor-size-default\">Cookies Policy<\/h3>\t\t\t\t<\/div>\n\t\t\t\t<\/div>\n\t\t\t\t\t<\/div>\n\t\t<\/div>\n\t\t\t\t\t<\/div>\n\t\t<\/section>\n\t\t\t\t<section class=\"elementor-section elementor-top-section elementor-element elementor-element-414e5cd1 elementor-section-boxed elementor-section-height-default elementor-section-height-default\" data-id=\"414e5cd1\" data-element_type=\"section\" data-e-type=\"section\">\n\t\t\t\t\t\t<div class=\"elementor-container elementor-column-gap-default\">\n\t\t\t\t\t<div class=\"elementor-column elementor-col-100 elementor-top-column elementor-element elementor-element-5c818122\" data-id=\"5c818122\" data-element_type=\"column\" data-e-type=\"column\">\n\t\t\t<div class=\"elementor-widget-wrap elementor-element-populated\">\n\t\t\t\t\t\t<div class=\"elementor-element elementor-element-4f6d75d elementor-widget elementor-widget-text-editor\" data-id=\"4f6d75d\" data-element_type=\"widget\" data-e-type=\"widget\" data-widget_type=\"text-editor.default\">\n\t\t\t\t<div class=\"elementor-widget-container\">\n\t\t\t\t\t\t\t\t\t<div class=\"wpb_text_column wpb_content_element\"><div class=\"wpb_wrapper\"><section class=\"margin-five sm-margin-eight-top xs-margin-twelve-top no-margin-lr\"><div class=\"container\"><div class=\"row\"><div class=\"col-md-12 col-sm-12 col-xs-12\"><div class=\"entry-content\"><div class=\"post-details-content\"><div class=\"vc_row wpb_row vc_row-fluid\"><div class=\"wpb_column vc_column_container vc_col-sm-12\"><div class=\"vc_column-inner\"><div class=\"wpb_wrapper\"><div class=\"wpb_text_column wpb_content_element\"><div class=\"wpb_wrapper\"><p><strong>Cookies Policy<\/strong><\/p><p>Cuando navegas por nuestra p\u00e1gina web, podr\u00e1n descargarse en tu navegador cookies propias o de terceros. Esta pol\u00edtica de privacidad explica qu\u00e9 son las cookies, qu\u00e9 tipo de cookies usamos y te ayudamos a saber c\u00f3mo configurar tu navegador para rechazarlas.<\/p><p><strong>\u00bfQu\u00e9 son las cookies?<\/strong><\/p><p>Las cookies son peque\u00f1os archivos que algunos sitios web guardan en nuestro ordenador con distintas finalidades.<\/p><p><strong>Tipos de cookies<\/strong><\/p><ul><li><strong>Seg\u00fan la entidad que las genera:<\/strong><\/li><\/ul><p><strong><u>Cookies propias:<\/u><\/strong>\u00a0son aquellas que se env\u00edan al equipo terminal del usuario desde un equipo o dominio gestionado por el propio editor y desde el que se presta el servicio solicitado por el usuario.<\/p><p><strong><u>Cookies de tercero:<\/u><\/strong>\u00a0son aquellas que se env\u00edan al equipo terminal del usuario desde un equipo o dominio que no es gestionado por el editor, sino por otra entidad que trata los datos obtenidos a trav\u00e9s de las cookies.<\/p><ul><li><strong>Seg\u00fan el plazo que se mantienen activas:<\/strong><\/li><\/ul><p><strong><u>Cookies de sesi\u00f3n:<\/u><\/strong> son un tipo de cookies dise\u00f1adas para recabar y almacenar datos mientras el usuario accede a nuestras p\u00e1ginas. Estas cookies son temporales y se borran del equipo al finalizar la navegaci\u00f3n por la p\u00e1gina web.<\/p><p><strong><u>Cookies persistentes:<\/u><\/strong> son un tipo de cookies en las que los datos siguen almacenados en el terminal y pueden ser accedidos y tratados durante un periodo definido por el responsable de la cookie, y que puede ir de unos minutos a varios a\u00f1os.<\/p><ul><li><strong>Seg\u00fan la finalidad para la que se utilizan:<\/strong><\/li><\/ul><p><strong>Cookies t\u00e9cnicas<\/strong><\/p><p>Son aquellas que permiten al usuario la navegaci\u00f3n a trav\u00e9s de una p\u00e1gina web, plataforma o aplicaci\u00f3n y la utilizaci\u00f3n de las diferentes opciones o servicios que en ella existan como, por ejemplo, controlar el tr\u00e1fico y la comunicaci\u00f3n de datos, identificar la sesi\u00f3n, acceder a partes de acceso restringido, recordar los elementos que integran un pedido, realizar el proceso de compra de un pedido, realizar la solicitud de inscripci\u00f3n o participaci\u00f3n en un evento, mostrar la ubicaci\u00f3n de nuestros servicios, acceso a contenido multimedia, utilizar elementos de seguridad durante la navegaci\u00f3n, almacenar contenidos para la difusi\u00f3n de videos o sonido o compartir contenidos a trav\u00e9s de redes sociales. Las cookies t\u00e9cnicas no es posible desactivarlas ya que provocan errores y fallos en las utilidades integradas en la navegaci\u00f3n.<\/p><p><strong>An\u00e1lisis<\/strong><\/p><p>Estas cookies nos ayudan a entender c\u00f3mo interact\u00faa cada usuario con nuestro sitio web (por ejemplo, qu\u00e9 p\u00e1ginas generan m\u00e1s inter\u00e9s, cu\u00e1ntas personas han visitado el sitio, cu\u00e1l es el tiempo medio de una visita al sitio, etc.). <strong>Esta informaci\u00f3n es an\u00f3nima y solo nos proporciona datos estad\u00edsticos<\/strong> con el fin de conocer qu\u00e9 interesa m\u00e1s a nuestro p\u00fablico y c\u00f3mo podemos mejorar la oferta de productos y servicios, el funcionamiento del sitio web o la experiencia de usuario.<\/p><p><strong>Publicidad y Perfilado<\/strong><\/p><p>Estas cookies se utilizan para crear perfiles de usuario basados en sus preferencias personales, intereses, as\u00ed como su comportamiento durante la navegaci\u00f3n, para mostrar publicidad en funci\u00f3n del mismo.<\/p><p><strong>Estas son las cookies que utiliza nuestro sitio web: <\/strong><\/p><p><strong>CUADRO CON LAS QUE USAMOS CON LA SIGUIENTE INFO<\/strong><strong>: <\/strong><\/p><p>\u00a0<\/p><p>\u00a0<\/p><table border=\"1\" width=\"697\" cellspacing=\"0\" cellpadding=\"7\"><tbody><tr valign=\"TOP\"><td width=\"217\"><p align=\"JUSTIFY\"><b>NOMBRE<\/b><\/p><\/td><td width=\"218\"><p align=\"JUSTIFY\"><b>DURACI\u00d3N<\/b><\/p><\/td><td width=\"218\"><p align=\"JUSTIFY\"><b>FINALIDAD<\/b><\/p><\/td><\/tr><tr valign=\"TOP\"><td width=\"217\"><p align=\"JUSTIFY\">Propia:<br \/>Sesi\u00f3n<\/p><p align=\"JUSTIFY\">tve_leads_unique<\/p><\/td><td width=\"218\"><p align=\"JUSTIFY\">Caduca al finalizar<br \/>sesi\u00f3n<\/p><\/td><td width=\"218\"><p align=\"JUSTIFY\">Almacenan<br \/>informaci\u00f3n del usuario y sus sesiones para mejorar la<br \/>experiencia de usuario<\/p><\/td><\/tr><tr valign=\"TOP\"><td width=\"217\"><p align=\"JUSTIFY\">Terceros<br \/>persistente<\/p><p align=\"JUSTIFY\">_ga<\/p><\/td><td width=\"218\"><p align=\"JUSTIFY\">2 a\u00f1os a<br \/>partir de la configuraci\u00f3n<\/p><\/td><td width=\"218\"><p align=\"JUSTIFY\">Se usa para<br \/>distinguir a los usuarios. Es una cookie perteneciente a Google<br \/>Analytics.\u00a0<a href=\"https:\/\/www.google.com\/intl\/es\/policies\/\"><u>M\u00e1s<br \/>informaci\u00f3n<\/u><\/a><\/p><\/td><\/tr><tr valign=\"TOP\"><td width=\"217\"><p align=\"JUSTIFY\">Terceros<br \/>persistente<\/p><p align=\"JUSTIFY\">_gat<\/p><\/td><td width=\"218\"><p align=\"JUSTIFY\">10 minutos<\/p><\/td><td width=\"218\"><p align=\"JUSTIFY\">Se usa para saber el<br \/>ratio de recarga. Es una cookie perteneciente a Google Analytics.<br \/><a href=\"https:\/\/www.google.com\/intl\/es\/policies\/\"><u>M\u00e1s<br \/>informaci\u00f3n<\/u><\/a><\/p><\/td><\/tr><tr valign=\"TOP\"><td width=\"217\"><p align=\"JUSTIFY\">Terceros<br \/>persistente<\/p><p align=\"JUSTIFY\">__utma<\/p><\/td><td width=\"218\"><p align=\"JUSTIFY\">2 a\u00f1os desde<br \/>cada actualizaci\u00f3n<\/p><\/td><td width=\"218\"><p align=\"JUSTIFY\">Esta cookie se suele<br \/>establecer durante la primera visita. Si la cookie es eliminada<br \/>manualmente, volver\u00e1 a establecerse en la siguiente visita<br \/>con ID nuevo. En la mayor\u00eda de los casos esta cookie se<br \/>utiliza para determinar visitantes \u00fanicos a nuestro sitio y<br \/>es actualizada con cada p\u00e1gina vista. Adem\u00e1s esta<br \/>cookie tiene un ID \u00fanico de Google Analytics que asegura<br \/>tanto la validez de la misma como su accesibilidad como una medida<br \/>de seguridad adicional.\u00a0<a href=\"https:\/\/www.google.com\/intl\/es\/policies\/\"><u>M\u00e1s<br \/>informaci\u00f3n<\/u><\/a><\/p><\/td><\/tr><tr valign=\"TOP\"><td width=\"217\"><p align=\"JUSTIFY\">Terceros<br \/>persistente<\/p><p align=\"JUSTIFY\">__utmb<\/p><\/td><td width=\"218\"><p align=\"JUSTIFY\">2 a\u00f1os desde<br \/>cada actualizaci\u00f3n<\/p><\/td><td width=\"218\"><p align=\"JUSTIFY\">Esta cookie se<br \/>utiliza para establecer y continuar una sesi\u00f3n de usuario<br \/>en nuestro sitio. Cuando un usuario visita una p\u00e1gina en<br \/>nuestro sitio, el c\u00f3digo de Google Analytics intenta<br \/>actualizar esta cookie. Si no encuentra la cookie, crear\u00e1<br \/>una nueva. Cada vez que el usuario visita una p\u00e1gina<br \/>distinta se actualiza esta cookie para caducar a los 30 minutos,<br \/>de esa forma contin\u00faa encontrar una sesi\u00f3n \u00fanica<br \/>en intervalos de 30 minutos. Esta cookie caduca cuando un usuario<br \/>deja de visitas nuestro sitio por un per\u00edodo de 30 minutos.<br \/><a href=\"https:\/\/www.google.com\/intl\/es\/policies\/\"><u>M\u00e1s<br \/>informaci\u00f3n<\/u><\/a><\/p><\/td><\/tr><tr valign=\"TOP\"><td width=\"217\"><p align=\"JUSTIFY\">Terceros<br \/>persistente<\/p><p align=\"JUSTIFY\">APISID, HSID, NID,<br \/>SAPISID, SID, SSID<\/p><\/td><td width=\"218\"><p align=\"JUSTIFY\">2 a\u00f1os desde<br \/>su instalaci\u00f3n<\/p><\/td><td width=\"218\"><p align=\"JUSTIFY\">Guarda preferencias<br \/>de usuario y otra informaci\u00f3n de los servicios de Google<br \/>que tiene el usuario.\u00a0<a href=\"https:\/\/www.google.com\/policies\/privacy\/\"><u>M\u00e1s<br \/>informaci\u00f3n<\/u><\/a><\/p><\/td><\/tr><tr valign=\"TOP\"><td width=\"217\"><p align=\"JUSTIFY\">Terceros<br \/>persistente<\/p><p align=\"JUSTIFY\">__utmt<\/p><\/td><td width=\"218\"><p align=\"JUSTIFY\">De sesi\u00f3n<\/p><\/td><td width=\"218\"><p align=\"JUSTIFY\">Historicamente, esta<br \/>cookie operaba junto con la cookie __utmb para determinar si se<br \/>deb\u00eda establecer una nueva sesi\u00f3n al usuario. Hoy en<br \/>d\u00eda no se utiliza pero sigue aqu\u00ed para mantener<br \/>compatibilidad hacia atr\u00e1s con el c\u00f3digo de<br \/>theurchin.js y ga.js.\u00a0<a href=\"https:\/\/www.google.com\/intl\/es\/policies\/\"><u>M\u00e1s<br \/>informaci\u00f3n<\/u><\/a><\/p><\/td><\/tr><tr valign=\"TOP\"><td width=\"217\"><p align=\"JUSTIFY\">Terceros<br \/>persistente<\/p><p align=\"JUSTIFY\">__utmz<\/p><\/td><td width=\"218\"><p align=\"JUSTIFY\">6 meses desde cada<br \/>actualizaci\u00f3n<\/p><\/td><td width=\"218\"><p align=\"JUSTIFY\">Esta cookie guarda<br \/>informaci\u00f3n de referencias utilizadas por el visitante para<br \/>llegar a nuestro sitio, ya sea de forma directa, un link de<br \/>referencia, una b\u00fasqueda web o una campa\u00f1a de<br \/>publicidad o por email. Se utiliza para calcular el tr\u00e1fico<br \/>proviniente de buscadores web, campa\u00f1as de marketing y<br \/>navegaci\u00f3n por nuestro sitio. Esta cookie se actualiza en<br \/>cada vista de p\u00e1gina.\u00a0<a href=\"https:\/\/www.google.com\/intl\/es\/policies\/\"><u>M\u00e1s<br \/>informaci\u00f3n<\/u><\/a><\/p><\/td><\/tr><\/tbody><\/table><p>\u00a0<\/p><p><strong>Configurar, deshabilitar y bloquear cookies en tu navegador<\/strong><\/p><p>Podr\u00e1s c<strong>onfigurar, deshabilitar y bloquear cookies en tu navegador<\/strong> usando las herramientas que te proporcione tu navegador a dichos efectos. En este sentido, dependiendo de tu navegador, en los siguientes enlaces se detalla el procedimiento para desactivar las cookies:<\/p><ul><li>Si utiliza<strong> Microsoft Internet Explorer<\/strong>, la informaci\u00f3n sobre c\u00f3mo bloquear o eliminar el uso de la cookies puede hacerlo a trav\u00e9s de la opci\u00f3n de men\u00fa Herramientas, seleccionando Opciones de Internet y accediendo a Privacidad y finalmente a Configuraci\u00f3n.<\/li><\/ul><p>Para m\u00e1s informaci\u00f3n, puede consultar la siguiente URL:<a href=\"https:\/\/www.elitetrade.es\/politica-de-cookies\/%20http:\/windows.microsoft.com\/es-es\/windows7\/how-to-manage-cookies-in-internet-explorer-9\"> http:\/\/windows.microsoft.com\/es-es\/windows7\/how-to-manage-cookies-in-internet-explorer-9<\/a> o la Ayuda del navegador con el t\u00e9rmino \u201cCookie\u201d.<\/p><ul><li>Si utiliza<strong> Firefox<\/strong>, la informaci\u00f3n sobre c\u00f3mo bloquear o eliminar el uso de la cookies para Mac puede hacerlo a trav\u00e9s de la opci\u00f3n de men\u00fa Preferencias, seleccionando Privacidad, accediendo al apartado Mostrar Cookies; y para Windows en la opci\u00f3n de men\u00fa Herramientas, seleccionando Opciones, accediendo a Privacidad y luego a Usar una configuraci\u00f3n personalizada para el historial.<\/li><\/ul><p>Para m\u00e1s informaci\u00f3n, puede consultar la siguiente URL: <a href=\"https:\/\/support.mozilla.org\/es\/kb\/habilitar-y-deshabilitar-cookies-que-los-sitios-we\">https:\/\/support.mozilla.org\/es\/kb\/habilitar-y-deshabilitar-cookies-que-los-sitios-we<\/a><\/p><ul><li>Si utiliza <strong>Safari<\/strong>, la informaci\u00f3n sobre c\u00f3mo bloquear o eliminar el uso de la cookies puede hacerlo a trav\u00e9s de la opci\u00f3n de men\u00fa Edici\u00f3n \u00ac Preferencias \u00ac Privacidad y seleccionando las opciones que desee.<\/li><\/ul><p>Para m\u00e1s informaci\u00f3n, puede consultar el soporte de Apple:<\/p><p><a href=\"http:\/\/www.apple.com\/es\/support\/mac-apps\/safari\/\">http:\/\/www.apple.com\/es\/support\/mac-apps\/safari\/<\/a> o la Ayuda del navegador.<\/p><ul><li>Si utiliza <strong>Google Chrome<\/strong>, la informaci\u00f3n sobre c\u00f3mo bloquear o eliminar el uso de la cookies puede hacerlo a trav\u00e9s de la opci\u00f3n de men\u00fa Herramientas, seleccionando Configuraci\u00f3n (Preferencias en Mac), accediendo a Avanzadas y luego en la opci\u00f3n Configuraci\u00f3n Contenido de la secci\u00f3n Privacidad, y finalmente seleccionando la configuraci\u00f3n de cookies que desee.<\/li><\/ul><p>Para m\u00e1s informaci\u00f3n, puede consultar la siguiente URL: <a href=\"https:\/\/support.google.com\/chrome\/answer\/95647?hl=es\">https:\/\/support.google.com\/chrome\/answer\/95647?hl=es<\/a> o la Ayuda del navegador con el t\u00e9rmino \u201cCookie\u201d<\/p><ul><li>Otros:<\/li><\/ul><p><strong>Mozilla Firefox (para PC y Mac): <\/strong><a href=\"https:\/\/support.mozilla.org\/es\/kb\/cookies-informacion-que-los-sitios-web-guardan-en-\">https:\/\/support.mozilla.org\/es\/kb\/cookies-informacion-que-los-sitios-web-guardan-en-<\/a><\/p><p><strong>IE 6+: <\/strong><\/p><p><a href=\"http:\/\/windows.microsoft.com\/es-es\/internet-explorer\/delete-manage-cookies#ie=ie-10-win-7\">http:\/\/windows.microsoft.com\/es-es\/internet-explorer\/delete-manage-cookies#ie=ie-10-win-7<\/a><\/p><p><strong>Apple Safari \u2013 IOS:<\/strong><\/p><p><a href=\"https:\/\/support.apple.com\/es-es\/HT1677\">https:\/\/support.apple.com\/es-es\/HT1677<\/a><\/p><p><strong>ANDROID: <\/strong><\/p><p><a href=\"https:\/\/support.google.com\/chrome\/answer\/2392971?hl=es%20\">https:\/\/support.google.com\/chrome\/answer\/2392971?hl=es <\/a><\/p><\/div><\/div><\/div><\/div><\/div><\/div><\/div><\/div><\/div><\/div><\/div><\/section><\/div><\/div>\t\t\t\t\t\t\t\t<\/div>\n\t\t\t\t<\/div>\n\t\t\t\t\t<\/div>\n\t\t<\/div>\n\t\t\t\t\t<\/div>\n\t\t<\/section>\n\t\t\t\t<\/div>","protected":false},"excerpt":{"rendered":"<p>Pol\u00edtica de cookies Pol\u00edtica de cookies Cuando navegas por nuestra p\u00e1gina web, podr\u00e1n descargarse en tu navegador cookies propias o de terceros. Esta pol\u00edtica de privacidad explica qu\u00e9 son las cookies, qu\u00e9 tipo de cookies usamos y te ayudamos a saber c\u00f3mo configurar tu navegador para rechazarlas. \u00bfQu\u00e9 son las cookies? Las cookies son peque\u00f1os [&hellip;]<\/p>\n","protected":false},"author":1,"featured_media":0,"parent":0,"menu_order":0,"comment_status":"closed","ping_status":"closed","template":"","meta":{"footnotes":""},"class_list":["post-2155","page","type-page","status-publish","hentry"],"yoast_head":"<!-- This site is optimized with the Yoast SEO plugin v27.3 - https:\/\/yoast.com\/product\/yoast-seo-wordpress\/ -->\n<title>Pol\u00edtica de cookies - Consultor&iacute;a de seguridad<\/title>\n<meta name=\"robots\" content=\"noindex, nofollow\" \/>\n<meta property=\"og:locale\" content=\"en_GB\" \/>\n<meta property=\"og:type\" content=\"article\" \/>\n<meta property=\"og:title\" content=\"Pol\u00edtica de cookies - Consultor&iacute;a de seguridad\" \/>\n<meta property=\"og:description\" content=\"Pol\u00edtica de cookies Pol\u00edtica de cookies Cuando navegas por nuestra p\u00e1gina web, podr\u00e1n descargarse en tu navegador cookies propias o de terceros. Esta pol\u00edtica de privacidad explica qu\u00e9 son las cookies, qu\u00e9 tipo de cookies usamos y te ayudamos a saber c\u00f3mo configurar tu navegador para rechazarlas. \u00bfQu\u00e9 son las cookies? Las cookies son peque\u00f1os [&hellip;]\" \/>\n<meta property=\"og:url\" content=\"https:\/\/advancedsecuritytools.com\/en\/politica-de-cookies\/\" \/>\n<meta property=\"og:site_name\" content=\"Consultor&iacute;a de seguridad\" \/>\n<meta property=\"article:modified_time\" content=\"2023-10-24T14:19:42+00:00\" \/>\n<meta name=\"twitter:card\" content=\"summary_large_image\" \/>\n<meta name=\"twitter:label1\" content=\"Estimated reading time\" \/>\n\t<meta name=\"twitter:data1\" content=\"6 minutes\" \/>\n<script type=\"application\/ld+json\" class=\"yoast-schema-graph\">{\"@context\":\"https:\\\/\\\/schema.org\",\"@graph\":[{\"@type\":\"WebPage\",\"@id\":\"https:\\\/\\\/advancedsecuritytools.com\\\/politica-de-cookies\\\/\",\"url\":\"https:\\\/\\\/advancedsecuritytools.com\\\/politica-de-cookies\\\/\",\"name\":\"Pol\u00edtica de cookies - Consultor&iacute;a de seguridad\",\"isPartOf\":{\"@id\":\"https:\\\/\\\/advancedsecuritytools.com\\\/#website\"},\"datePublished\":\"2023-06-25T18:47:06+00:00\",\"dateModified\":\"2023-10-24T14:19:42+00:00\",\"breadcrumb\":{\"@id\":\"https:\\\/\\\/advancedsecuritytools.com\\\/politica-de-cookies\\\/#breadcrumb\"},\"inLanguage\":\"en-GB\",\"potentialAction\":[{\"@type\":\"ReadAction\",\"target\":[\"https:\\\/\\\/advancedsecuritytools.com\\\/politica-de-cookies\\\/\"]}]},{\"@type\":\"BreadcrumbList\",\"@id\":\"https:\\\/\\\/advancedsecuritytools.com\\\/politica-de-cookies\\\/#breadcrumb\",\"itemListElement\":[{\"@type\":\"ListItem\",\"position\":1,\"name\":\"Portada\",\"item\":\"https:\\\/\\\/advancedsecuritytools.com\\\/\"},{\"@type\":\"ListItem\",\"position\":2,\"name\":\"Pol\u00edtica de cookies\"}]},{\"@type\":\"WebSite\",\"@id\":\"https:\\\/\\\/advancedsecuritytools.com\\\/#website\",\"url\":\"https:\\\/\\\/advancedsecuritytools.com\\\/\",\"name\":\"Consultor&iacute;a de seguridad\",\"description\":\"Seguridad internacional\",\"publisher\":{\"@id\":\"https:\\\/\\\/advancedsecuritytools.com\\\/#organization\"},\"potentialAction\":[{\"@type\":\"SearchAction\",\"target\":{\"@type\":\"EntryPoint\",\"urlTemplate\":\"https:\\\/\\\/advancedsecuritytools.com\\\/?s={search_term_string}\"},\"query-input\":{\"@type\":\"PropertyValueSpecification\",\"valueRequired\":true,\"valueName\":\"search_term_string\"}}],\"inLanguage\":\"en-GB\"},{\"@type\":\"Organization\",\"@id\":\"https:\\\/\\\/advancedsecuritytools.com\\\/#organization\",\"name\":\"Consultor&iacute;a de seguridad\",\"url\":\"https:\\\/\\\/advancedsecuritytools.com\\\/\",\"logo\":{\"@type\":\"ImageObject\",\"inLanguage\":\"en-GB\",\"@id\":\"https:\\\/\\\/advancedsecuritytools.com\\\/#\\\/schema\\\/logo\\\/image\\\/\",\"url\":\"https:\\\/\\\/advancedsecuritytools.com\\\/wp-content\\\/uploads\\\/2023\\\/06\\\/logo-web-ASBG.png\",\"contentUrl\":\"https:\\\/\\\/advancedsecuritytools.com\\\/wp-content\\\/uploads\\\/2023\\\/06\\\/logo-web-ASBG.png\",\"width\":250,\"height\":138,\"caption\":\"Consultor&iacute;a de seguridad\"},\"image\":{\"@id\":\"https:\\\/\\\/advancedsecuritytools.com\\\/#\\\/schema\\\/logo\\\/image\\\/\"},\"sameAs\":[\"https:\\\/\\\/www.linkedin.com\\\/company\\\/advanced-security-business-group\"]}]}<\/script>\n<!-- \/ Yoast SEO plugin. -->","yoast_head_json":{"title":"Pol\u00edtica de cookies - Consultor&iacute;a de seguridad","robots":{"index":"noindex","follow":"nofollow"},"og_locale":"en_GB","og_type":"article","og_title":"Pol\u00edtica de cookies - Consultor&iacute;a de seguridad","og_description":"Pol\u00edtica de cookies Pol\u00edtica de cookies Cuando navegas por nuestra p\u00e1gina web, podr\u00e1n descargarse en tu navegador cookies propias o de terceros. Esta pol\u00edtica de privacidad explica qu\u00e9 son las cookies, qu\u00e9 tipo de cookies usamos y te ayudamos a saber c\u00f3mo configurar tu navegador para rechazarlas. \u00bfQu\u00e9 son las cookies? Las cookies son peque\u00f1os [&hellip;]","og_url":"https:\/\/advancedsecuritytools.com\/en\/politica-de-cookies\/","og_site_name":"Consultor&iacute;a de seguridad","article_modified_time":"2023-10-24T14:19:42+00:00","twitter_card":"summary_large_image","twitter_misc":{"Estimated reading time":"6 minutes"},"schema":{"@context":"https:\/\/schema.org","@graph":[{"@type":"WebPage","@id":"https:\/\/advancedsecuritytools.com\/politica-de-cookies\/","url":"https:\/\/advancedsecuritytools.com\/politica-de-cookies\/","name":"Pol\u00edtica de cookies - Consultor&iacute;a de seguridad","isPartOf":{"@id":"https:\/\/advancedsecuritytools.com\/#website"},"datePublished":"2023-06-25T18:47:06+00:00","dateModified":"2023-10-24T14:19:42+00:00","breadcrumb":{"@id":"https:\/\/advancedsecuritytools.com\/politica-de-cookies\/#breadcrumb"},"inLanguage":"en-GB","potentialAction":[{"@type":"ReadAction","target":["https:\/\/advancedsecuritytools.com\/politica-de-cookies\/"]}]},{"@type":"BreadcrumbList","@id":"https:\/\/advancedsecuritytools.com\/politica-de-cookies\/#breadcrumb","itemListElement":[{"@type":"ListItem","position":1,"name":"Portada","item":"https:\/\/advancedsecuritytools.com\/"},{"@type":"ListItem","position":2,"name":"Pol\u00edtica de cookies"}]},{"@type":"WebSite","@id":"https:\/\/advancedsecuritytools.com\/#website","url":"https:\/\/advancedsecuritytools.com\/","name":"Home","description":"International Scope","publisher":{"@id":"https:\/\/advancedsecuritytools.com\/#organization"},"potentialAction":[{"@type":"SearchAction","target":{"@type":"EntryPoint","urlTemplate":"https:\/\/advancedsecuritytools.com\/?s={search_term_string}"},"query-input":{"@type":"PropertyValueSpecification","valueRequired":true,"valueName":"search_term_string"}}],"inLanguage":"en-GB"},{"@type":"Organization","@id":"https:\/\/advancedsecuritytools.com\/#organization","name":"Home","url":"https:\/\/advancedsecuritytools.com\/","logo":{"@type":"ImageObject","inLanguage":"en-GB","@id":"https:\/\/advancedsecuritytools.com\/#\/schema\/logo\/image\/","url":"https:\/\/advancedsecuritytools.com\/wp-content\/uploads\/2023\/06\/logo-web-ASBG.png","contentUrl":"https:\/\/advancedsecuritytools.com\/wp-content\/uploads\/2023\/06\/logo-web-ASBG.png","width":250,"height":138,"caption":"Consultor&iacute;a de seguridad"},"image":{"@id":"https:\/\/advancedsecuritytools.com\/#\/schema\/logo\/image\/"},"sameAs":["https:\/\/www.linkedin.com\/company\/advanced-security-business-group"]}]}},"_links":{"self":[{"href":"https:\/\/advancedsecuritytools.com\/en\/wp-json\/wp\/v2\/pages\/2155","targetHints":{"allow":["GET"]}}],"collection":[{"href":"https:\/\/advancedsecuritytools.com\/en\/wp-json\/wp\/v2\/pages"}],"about":[{"href":"https:\/\/advancedsecuritytools.com\/en\/wp-json\/wp\/v2\/types\/page"}],"author":[{"embeddable":true,"href":"https:\/\/advancedsecuritytools.com\/en\/wp-json\/wp\/v2\/users\/1"}],"replies":[{"embeddable":true,"href":"https:\/\/advancedsecuritytools.com\/en\/wp-json\/wp\/v2\/comments?post=2155"}],"version-history":[{"count":8,"href":"https:\/\/advancedsecuritytools.com\/en\/wp-json\/wp\/v2\/pages\/2155\/revisions"}],"predecessor-version":[{"id":2337,"href":"https:\/\/advancedsecuritytools.com\/en\/wp-json\/wp\/v2\/pages\/2155\/revisions\/2337"}],"wp:attachment":[{"href":"https:\/\/advancedsecuritytools.com\/en\/wp-json\/wp\/v2\/media?parent=2155"}],"curies":[{"name":"wp","href":"https:\/\/api.w.org\/{rel}","templated":true}]}}