{"id":2133,"date":"2023-06-25T17:39:26","date_gmt":"2023-06-25T17:39:26","guid":{"rendered":"https:\/\/advancedsecuritytools.com\/?page_id=2133"},"modified":"2023-10-24T14:26:50","modified_gmt":"2023-10-24T14:26:50","slug":"empleo","status":"publish","type":"page","link":"https:\/\/advancedsecuritytools.com\/en\/empleo\/","title":{"rendered":"Employment"},"content":{"rendered":"<div data-elementor-type=\"wp-page\" data-elementor-id=\"2133\" class=\"elementor elementor-2133\">\n\t\t\t\t\t\t<section class=\"elementor-section elementor-top-section elementor-element elementor-element-02531c5 elementor-section-boxed elementor-section-height-default elementor-section-height-default\" data-id=\"02531c5\" data-element_type=\"section\" data-e-type=\"section\">\n\t\t\t\t\t\t<div class=\"elementor-container elementor-column-gap-default\">\n\t\t\t\t\t<div class=\"elementor-column elementor-col-100 elementor-top-column elementor-element elementor-element-535abda\" data-id=\"535abda\" data-element_type=\"column\" data-e-type=\"column\">\n\t\t\t<div class=\"elementor-widget-wrap elementor-element-populated\">\n\t\t\t\t\t\t<div class=\"elementor-element elementor-element-4d378f5 elementor-widget elementor-widget-heading\" data-id=\"4d378f5\" data-element_type=\"widget\" data-e-type=\"widget\" data-widget_type=\"heading.default\">\n\t\t\t\t<div class=\"elementor-widget-container\">\n\t\t\t\t\t<h1 class=\"elementor-heading-title elementor-size-default\">Send us your CV!<\/h1>\t\t\t\t<\/div>\n\t\t\t\t<\/div>\n\t\t\t\t\t<\/div>\n\t\t<\/div>\n\t\t\t\t\t<\/div>\n\t\t<\/section>\n\t\t\t\t<section class=\"elementor-section elementor-top-section elementor-element elementor-element-3e4e327 elementor-section-boxed elementor-section-height-default elementor-section-height-default\" data-id=\"3e4e327\" data-element_type=\"section\" data-e-type=\"section\">\n\t\t\t\t\t\t<div class=\"elementor-container elementor-column-gap-default\">\n\t\t\t\t\t<div class=\"elementor-column elementor-col-100 elementor-top-column elementor-element elementor-element-2df77e6\" data-id=\"2df77e6\" data-element_type=\"column\" data-e-type=\"column\">\n\t\t\t<div class=\"elementor-widget-wrap elementor-element-populated\">\n\t\t\t\t\t\t<div class=\"elementor-element elementor-element-473e3dc elementor-widget elementor-widget-spacer\" data-id=\"473e3dc\" data-element_type=\"widget\" data-e-type=\"widget\" data-widget_type=\"spacer.default\">\n\t\t\t\t<div class=\"elementor-widget-container\">\n\t\t\t\t\t\t\t<div class=\"elementor-spacer\">\n\t\t\t<div class=\"elementor-spacer-inner\"><\/div>\n\t\t<\/div>\n\t\t\t\t\t\t<\/div>\n\t\t\t\t<\/div>\n\t\t\t\t\t<\/div>\n\t\t<\/div>\n\t\t\t\t\t<\/div>\n\t\t<\/section>\n\t\t\t\t<section class=\"elementor-section elementor-top-section elementor-element elementor-element-17aeb32 elementor-section-boxed elementor-section-height-default elementor-section-height-default\" data-id=\"17aeb32\" data-element_type=\"section\" data-e-type=\"section\">\n\t\t\t\t\t\t<div class=\"elementor-container elementor-column-gap-default\">\n\t\t\t\t\t<div class=\"elementor-column elementor-col-100 elementor-top-column elementor-element elementor-element-1cb28ad\" data-id=\"1cb28ad\" data-element_type=\"column\" data-e-type=\"column\">\n\t\t\t<div class=\"elementor-widget-wrap elementor-element-populated\">\n\t\t\t\t\t\t<div class=\"elementor-element elementor-element-cbeebf0 elementor-widget elementor-widget-text-editor\" data-id=\"cbeebf0\" data-element_type=\"widget\" data-e-type=\"widget\" data-widget_type=\"text-editor.default\">\n\t\t\t\t<div class=\"elementor-widget-container\">\n\t\t\t\t\t\t\t\t\t<p>If you wish to join our team, please send us your CV to the following e-mail address:\u00a0<a href=\"mailto:rrhh@advancedsecuritytools.com\">rrhh@advancedsecuritytools.com<\/a><br \/><br \/>LEGAL TERMS:<br \/>The collected data shall be treated in accordance with the Law 15\/1999 on Protection of Personal Data. User accepts the personal data to be processed in authomatised files in the ownership of and under responsiblity of ADVANCED SECURITY BUSINESS GROUP S.L ( Paseo de la Castellana 200, Edificio Spaces, 28046 Madrid, C.I.F. B-87535134), and that the information used by ADVANCED SECURITY BUSINESS GROUP S.L can be recalled without any effect at any moment. Users can realise their rights to access, amendment, cancellation and waiving of information by sending a letter to the address of the ADVANCED SECURITY BUSINESS GROUP S.L<\/p>\t\t\t\t\t\t\t\t<\/div>\n\t\t\t\t<\/div>\n\t\t\t\t\t<\/div>\n\t\t<\/div>\n\t\t\t\t\t<\/div>\n\t\t<\/section>\n\t\t\t\t<\/div>","protected":false},"excerpt":{"rendered":"<p>\u00a1Env\u00edanos tu C.V.! Si quieres formar parte de nuestro equipo puedes enviarnos tu curr\u00edculum vitae a la siguiente direcci\u00f3n e-mail:\u00a0rrhh@advancedsecuritytools.com CONDICIONES LEGALES: Los datos recogidos en este formulario ser\u00e1n tratados conforme Ley Org\u00e1nica 15\/1999 de Protecci\u00f3n de Datos de Car\u00e1cter Personal. El usuario acepta que los datos personales por \u00e9l facilitados podr\u00e1n ser objeto de [&hellip;]<\/p>\n","protected":false},"author":1,"featured_media":0,"parent":0,"menu_order":0,"comment_status":"closed","ping_status":"closed","template":"","meta":{"footnotes":""},"class_list":["post-2133","page","type-page","status-publish","hentry"],"yoast_head":"<!-- This site is optimized with the Yoast SEO plugin v27.3 - https:\/\/yoast.com\/product\/yoast-seo-wordpress\/ -->\n<title>Trabaja con nosotros - Advanced Security Business Group<\/title>\n<meta name=\"description\" content=\"Trabaja con nosotros. Advanced Security Business Group.\" \/>\n<meta name=\"robots\" content=\"index, follow, max-snippet:-1, max-image-preview:large, max-video-preview:-1\" \/>\n<link rel=\"canonical\" href=\"https:\/\/advancedsecuritytools.com\/en\/empleo\/\" \/>\n<meta property=\"og:locale\" content=\"en_GB\" \/>\n<meta property=\"og:type\" content=\"article\" \/>\n<meta property=\"og:title\" content=\"Trabaja con nosotros - Advanced Security Business Group\" \/>\n<meta property=\"og:description\" content=\"Trabaja con nosotros. Advanced Security Business Group.\" \/>\n<meta property=\"og:url\" content=\"https:\/\/advancedsecuritytools.com\/en\/empleo\/\" \/>\n<meta property=\"og:site_name\" content=\"Consultor&iacute;a de seguridad\" \/>\n<meta property=\"article:modified_time\" content=\"2023-10-24T14:26:50+00:00\" \/>\n<meta name=\"twitter:card\" content=\"summary_large_image\" \/>\n<meta name=\"twitter:label1\" content=\"Estimated reading time\" \/>\n\t<meta name=\"twitter:data1\" content=\"1 minute\" \/>\n<script type=\"application\/ld+json\" class=\"yoast-schema-graph\">{\"@context\":\"https:\\\/\\\/schema.org\",\"@graph\":[{\"@type\":\"WebPage\",\"@id\":\"https:\\\/\\\/advancedsecuritytools.com\\\/empleo\\\/\",\"url\":\"https:\\\/\\\/advancedsecuritytools.com\\\/empleo\\\/\",\"name\":\"Trabaja con nosotros - Advanced Security Business Group\",\"isPartOf\":{\"@id\":\"https:\\\/\\\/advancedsecuritytools.com\\\/#website\"},\"datePublished\":\"2023-06-25T17:39:26+00:00\",\"dateModified\":\"2023-10-24T14:26:50+00:00\",\"description\":\"Trabaja con nosotros. Advanced Security Business Group.\",\"breadcrumb\":{\"@id\":\"https:\\\/\\\/advancedsecuritytools.com\\\/empleo\\\/#breadcrumb\"},\"inLanguage\":\"en-GB\",\"potentialAction\":[{\"@type\":\"ReadAction\",\"target\":[\"https:\\\/\\\/advancedsecuritytools.com\\\/empleo\\\/\"]}]},{\"@type\":\"BreadcrumbList\",\"@id\":\"https:\\\/\\\/advancedsecuritytools.com\\\/empleo\\\/#breadcrumb\",\"itemListElement\":[{\"@type\":\"ListItem\",\"position\":1,\"name\":\"Portada\",\"item\":\"https:\\\/\\\/advancedsecuritytools.com\\\/\"},{\"@type\":\"ListItem\",\"position\":2,\"name\":\"Empleo\"}]},{\"@type\":\"WebSite\",\"@id\":\"https:\\\/\\\/advancedsecuritytools.com\\\/#website\",\"url\":\"https:\\\/\\\/advancedsecuritytools.com\\\/\",\"name\":\"Consultor&iacute;a de seguridad\",\"description\":\"Seguridad internacional\",\"publisher\":{\"@id\":\"https:\\\/\\\/advancedsecuritytools.com\\\/#organization\"},\"potentialAction\":[{\"@type\":\"SearchAction\",\"target\":{\"@type\":\"EntryPoint\",\"urlTemplate\":\"https:\\\/\\\/advancedsecuritytools.com\\\/?s={search_term_string}\"},\"query-input\":{\"@type\":\"PropertyValueSpecification\",\"valueRequired\":true,\"valueName\":\"search_term_string\"}}],\"inLanguage\":\"en-GB\"},{\"@type\":\"Organization\",\"@id\":\"https:\\\/\\\/advancedsecuritytools.com\\\/#organization\",\"name\":\"Consultor&iacute;a de seguridad\",\"url\":\"https:\\\/\\\/advancedsecuritytools.com\\\/\",\"logo\":{\"@type\":\"ImageObject\",\"inLanguage\":\"en-GB\",\"@id\":\"https:\\\/\\\/advancedsecuritytools.com\\\/#\\\/schema\\\/logo\\\/image\\\/\",\"url\":\"https:\\\/\\\/advancedsecuritytools.com\\\/wp-content\\\/uploads\\\/2023\\\/06\\\/logo-web-ASBG.png\",\"contentUrl\":\"https:\\\/\\\/advancedsecuritytools.com\\\/wp-content\\\/uploads\\\/2023\\\/06\\\/logo-web-ASBG.png\",\"width\":250,\"height\":138,\"caption\":\"Consultor&iacute;a de seguridad\"},\"image\":{\"@id\":\"https:\\\/\\\/advancedsecuritytools.com\\\/#\\\/schema\\\/logo\\\/image\\\/\"},\"sameAs\":[\"https:\\\/\\\/www.linkedin.com\\\/company\\\/advanced-security-business-group\"]}]}<\/script>\n<!-- \/ Yoast SEO plugin. -->","yoast_head_json":{"title":"Trabaja con nosotros - Advanced Security Business Group","description":"Trabaja con nosotros. Advanced Security Business Group.","robots":{"index":"index","follow":"follow","max-snippet":"max-snippet:-1","max-image-preview":"max-image-preview:large","max-video-preview":"max-video-preview:-1"},"canonical":"https:\/\/advancedsecuritytools.com\/en\/empleo\/","og_locale":"en_GB","og_type":"article","og_title":"Trabaja con nosotros - Advanced Security Business Group","og_description":"Trabaja con nosotros. Advanced Security Business Group.","og_url":"https:\/\/advancedsecuritytools.com\/en\/empleo\/","og_site_name":"Consultor&iacute;a de seguridad","article_modified_time":"2023-10-24T14:26:50+00:00","twitter_card":"summary_large_image","twitter_misc":{"Estimated reading time":"1 minute"},"schema":{"@context":"https:\/\/schema.org","@graph":[{"@type":"WebPage","@id":"https:\/\/advancedsecuritytools.com\/empleo\/","url":"https:\/\/advancedsecuritytools.com\/empleo\/","name":"Trabaja con nosotros - Advanced Security Business Group","isPartOf":{"@id":"https:\/\/advancedsecuritytools.com\/#website"},"datePublished":"2023-06-25T17:39:26+00:00","dateModified":"2023-10-24T14:26:50+00:00","description":"Trabaja con nosotros. Advanced Security Business Group.","breadcrumb":{"@id":"https:\/\/advancedsecuritytools.com\/empleo\/#breadcrumb"},"inLanguage":"en-GB","potentialAction":[{"@type":"ReadAction","target":["https:\/\/advancedsecuritytools.com\/empleo\/"]}]},{"@type":"BreadcrumbList","@id":"https:\/\/advancedsecuritytools.com\/empleo\/#breadcrumb","itemListElement":[{"@type":"ListItem","position":1,"name":"Portada","item":"https:\/\/advancedsecuritytools.com\/"},{"@type":"ListItem","position":2,"name":"Empleo"}]},{"@type":"WebSite","@id":"https:\/\/advancedsecuritytools.com\/#website","url":"https:\/\/advancedsecuritytools.com\/","name":"Home","description":"International Scope","publisher":{"@id":"https:\/\/advancedsecuritytools.com\/#organization"},"potentialAction":[{"@type":"SearchAction","target":{"@type":"EntryPoint","urlTemplate":"https:\/\/advancedsecuritytools.com\/?s={search_term_string}"},"query-input":{"@type":"PropertyValueSpecification","valueRequired":true,"valueName":"search_term_string"}}],"inLanguage":"en-GB"},{"@type":"Organization","@id":"https:\/\/advancedsecuritytools.com\/#organization","name":"Home","url":"https:\/\/advancedsecuritytools.com\/","logo":{"@type":"ImageObject","inLanguage":"en-GB","@id":"https:\/\/advancedsecuritytools.com\/#\/schema\/logo\/image\/","url":"https:\/\/advancedsecuritytools.com\/wp-content\/uploads\/2023\/06\/logo-web-ASBG.png","contentUrl":"https:\/\/advancedsecuritytools.com\/wp-content\/uploads\/2023\/06\/logo-web-ASBG.png","width":250,"height":138,"caption":"Consultor&iacute;a de seguridad"},"image":{"@id":"https:\/\/advancedsecuritytools.com\/#\/schema\/logo\/image\/"},"sameAs":["https:\/\/www.linkedin.com\/company\/advanced-security-business-group"]}]}},"_links":{"self":[{"href":"https:\/\/advancedsecuritytools.com\/en\/wp-json\/wp\/v2\/pages\/2133","targetHints":{"allow":["GET"]}}],"collection":[{"href":"https:\/\/advancedsecuritytools.com\/en\/wp-json\/wp\/v2\/pages"}],"about":[{"href":"https:\/\/advancedsecuritytools.com\/en\/wp-json\/wp\/v2\/types\/page"}],"author":[{"embeddable":true,"href":"https:\/\/advancedsecuritytools.com\/en\/wp-json\/wp\/v2\/users\/1"}],"replies":[{"embeddable":true,"href":"https:\/\/advancedsecuritytools.com\/en\/wp-json\/wp\/v2\/comments?post=2133"}],"version-history":[{"count":5,"href":"https:\/\/advancedsecuritytools.com\/en\/wp-json\/wp\/v2\/pages\/2133\/revisions"}],"predecessor-version":[{"id":2342,"href":"https:\/\/advancedsecuritytools.com\/en\/wp-json\/wp\/v2\/pages\/2133\/revisions\/2342"}],"wp:attachment":[{"href":"https:\/\/advancedsecuritytools.com\/en\/wp-json\/wp\/v2\/media?parent=2133"}],"curies":[{"name":"wp","href":"https:\/\/api.w.org\/{rel}","templated":true}]}}