{"id":2128,"date":"2023-06-25T17:33:28","date_gmt":"2023-06-25T17:33:28","guid":{"rendered":"https:\/\/advancedsecuritytools.com\/?page_id=2128"},"modified":"2023-10-24T14:14:27","modified_gmt":"2023-10-24T14:14:27","slug":"empresa","status":"publish","type":"page","link":"https:\/\/advancedsecuritytools.com\/en\/empresa\/","title":{"rendered":"Company"},"content":{"rendered":"<div data-elementor-type=\"wp-page\" data-elementor-id=\"2128\" class=\"elementor elementor-2128\">\n\t\t\t\t\t\t<section class=\"elementor-section elementor-top-section elementor-element elementor-element-02531c5 elementor-section-boxed elementor-section-height-default elementor-section-height-default\" data-id=\"02531c5\" data-element_type=\"section\" data-e-type=\"section\">\n\t\t\t\t\t\t<div class=\"elementor-container elementor-column-gap-default\">\n\t\t\t\t\t<div class=\"elementor-column elementor-col-100 elementor-top-column elementor-element elementor-element-535abda\" data-id=\"535abda\" data-element_type=\"column\" data-e-type=\"column\">\n\t\t\t<div class=\"elementor-widget-wrap elementor-element-populated\">\n\t\t\t\t\t\t<div class=\"elementor-element elementor-element-4d378f5 elementor-widget elementor-widget-heading\" data-id=\"4d378f5\" data-element_type=\"widget\" data-e-type=\"widget\" data-widget_type=\"heading.default\">\n\t\t\t\t<div class=\"elementor-widget-container\">\n\t\t\t\t\t<h1 class=\"elementor-heading-title elementor-size-default\">Security experts - Anti-terrorist prevention<\/h1>\t\t\t\t<\/div>\n\t\t\t\t<\/div>\n\t\t\t\t\t<\/div>\n\t\t<\/div>\n\t\t\t\t\t<\/div>\n\t\t<\/section>\n\t\t\t\t<section class=\"elementor-section elementor-top-section elementor-element elementor-element-3e4e327 elementor-section-boxed elementor-section-height-default elementor-section-height-default\" data-id=\"3e4e327\" data-element_type=\"section\" data-e-type=\"section\">\n\t\t\t\t\t\t<div class=\"elementor-container elementor-column-gap-default\">\n\t\t\t\t\t<div class=\"elementor-column elementor-col-100 elementor-top-column elementor-element elementor-element-2df77e6\" data-id=\"2df77e6\" data-element_type=\"column\" data-e-type=\"column\">\n\t\t\t<div class=\"elementor-widget-wrap elementor-element-populated\">\n\t\t\t\t\t\t<div class=\"elementor-element elementor-element-473e3dc elementor-widget elementor-widget-spacer\" data-id=\"473e3dc\" data-element_type=\"widget\" data-e-type=\"widget\" data-widget_type=\"spacer.default\">\n\t\t\t\t<div class=\"elementor-widget-container\">\n\t\t\t\t\t\t\t<div class=\"elementor-spacer\">\n\t\t\t<div class=\"elementor-spacer-inner\"><\/div>\n\t\t<\/div>\n\t\t\t\t\t\t<\/div>\n\t\t\t\t<\/div>\n\t\t\t\t\t<\/div>\n\t\t<\/div>\n\t\t\t\t\t<\/div>\n\t\t<\/section>\n\t\t\t\t<section class=\"elementor-section elementor-top-section elementor-element elementor-element-17aeb32 elementor-section-boxed elementor-section-height-default elementor-section-height-default\" data-id=\"17aeb32\" data-element_type=\"section\" data-e-type=\"section\">\n\t\t\t\t\t\t<div class=\"elementor-container elementor-column-gap-default\">\n\t\t\t\t\t<div class=\"elementor-column elementor-col-100 elementor-top-column elementor-element elementor-element-1cb28ad\" data-id=\"1cb28ad\" data-element_type=\"column\" data-e-type=\"column\">\n\t\t\t<div class=\"elementor-widget-wrap elementor-element-populated\">\n\t\t\t\t\t\t<div class=\"elementor-element elementor-element-cbeebf0 elementor-widget elementor-widget-text-editor\" data-id=\"cbeebf0\" data-element_type=\"widget\" data-e-type=\"widget\" data-widget_type=\"text-editor.default\">\n\t\t\t\t<div class=\"elementor-widget-container\">\n\t\t\t\t\t\t\t\t\t<p>ADVANCED SECURITY BUSINESS GROUP is the result of the merger of a group of companies specializing in the field of private security. The main objective is focused on providing solutions in the fields of consulting, advisory and auditing, personal and property protection, security and engineering projects as well as its architecture and design, corporate research, crisis management and business continuity. The company has multi-disciplinary collaboration of experts in different areas of work, and the use of cutting edge technologies.\nAs for the scope, efforts have been generally aimed at international level, with extensive experience and established infrastructure in the Middle East, Eastern Europe, Latin America, Central Asia, North Africa and Sub-Saharan Africa.<\/p><p>However, due to the increased risk in Spain of jihadist terrorism, ASBG has developed specific plans aimed at minimizing this threat as much as possible, preferably in those entities or bodies that are considered potential targets because of their relevance.<\/p>\t\t\t\t\t\t\t\t<\/div>\n\t\t\t\t<\/div>\n\t\t\t\t\t<\/div>\n\t\t<\/div>\n\t\t\t\t\t<\/div>\n\t\t<\/section>\n\t\t\t\t<\/div>","protected":false},"excerpt":{"rendered":"<p>Expertos en seguridad preventiva, reactiva y antiterrorista ADVANCED SECURITY BUSINESS GROUP es el resultado de la fusi\u00f3n de un grupo de empresas especializadas en el \u00e1mbito de la seguridad. El objetivo principal se centra en aportar soluciones en los campos de seguridad antiterrorista, consultor\u00eda de seguridad, asesor\u00eda y auditor\u00eda, protecci\u00f3n personal y patrimonial, proyectos e [&hellip;]<\/p>\n","protected":false},"author":1,"featured_media":0,"parent":0,"menu_order":0,"comment_status":"closed","ping_status":"closed","template":"","meta":{"footnotes":""},"class_list":["post-2128","page","type-page","status-publish","hentry"],"yoast_head":"<!-- This site is optimized with the Yoast SEO plugin v27.3 - https:\/\/yoast.com\/product\/yoast-seo-wordpress\/ -->\n<title>Expertos en seguridad preventiva, reactiva y antiterrorista<\/title>\n<meta name=\"description\" content=\"Expertos en seguridad preventiva, reactiva y antiterrorista. Investigaciones corporativas, protecci\u00f3n patrimonial.\" \/>\n<meta name=\"robots\" content=\"index, follow, max-snippet:-1, max-image-preview:large, max-video-preview:-1\" \/>\n<link rel=\"canonical\" href=\"https:\/\/advancedsecuritytools.com\/en\/empresa\/\" \/>\n<meta property=\"og:locale\" content=\"en_GB\" \/>\n<meta property=\"og:type\" content=\"article\" \/>\n<meta property=\"og:title\" content=\"Expertos en seguridad preventiva, reactiva y antiterrorista\" \/>\n<meta property=\"og:description\" content=\"Expertos en seguridad preventiva, reactiva y antiterrorista. Investigaciones corporativas, protecci\u00f3n patrimonial.\" \/>\n<meta property=\"og:url\" content=\"https:\/\/advancedsecuritytools.com\/en\/empresa\/\" \/>\n<meta property=\"og:site_name\" content=\"Consultor&iacute;a de seguridad\" \/>\n<meta property=\"article:modified_time\" content=\"2023-10-24T14:14:27+00:00\" \/>\n<meta name=\"twitter:card\" content=\"summary_large_image\" \/>\n<meta name=\"twitter:label1\" content=\"Estimated reading time\" \/>\n\t<meta name=\"twitter:data1\" content=\"1 minute\" \/>\n<script type=\"application\/ld+json\" class=\"yoast-schema-graph\">{\"@context\":\"https:\\\/\\\/schema.org\",\"@graph\":[{\"@type\":\"WebPage\",\"@id\":\"https:\\\/\\\/advancedsecuritytools.com\\\/empresa\\\/\",\"url\":\"https:\\\/\\\/advancedsecuritytools.com\\\/empresa\\\/\",\"name\":\"Expertos en seguridad preventiva, reactiva y antiterrorista\",\"isPartOf\":{\"@id\":\"https:\\\/\\\/advancedsecuritytools.com\\\/#website\"},\"datePublished\":\"2023-06-25T17:33:28+00:00\",\"dateModified\":\"2023-10-24T14:14:27+00:00\",\"description\":\"Expertos en seguridad preventiva, reactiva y antiterrorista. Investigaciones corporativas, protecci\u00f3n patrimonial.\",\"breadcrumb\":{\"@id\":\"https:\\\/\\\/advancedsecuritytools.com\\\/empresa\\\/#breadcrumb\"},\"inLanguage\":\"en-GB\",\"potentialAction\":[{\"@type\":\"ReadAction\",\"target\":[\"https:\\\/\\\/advancedsecuritytools.com\\\/empresa\\\/\"]}]},{\"@type\":\"BreadcrumbList\",\"@id\":\"https:\\\/\\\/advancedsecuritytools.com\\\/empresa\\\/#breadcrumb\",\"itemListElement\":[{\"@type\":\"ListItem\",\"position\":1,\"name\":\"Portada\",\"item\":\"https:\\\/\\\/advancedsecuritytools.com\\\/\"},{\"@type\":\"ListItem\",\"position\":2,\"name\":\"Empresa\"}]},{\"@type\":\"WebSite\",\"@id\":\"https:\\\/\\\/advancedsecuritytools.com\\\/#website\",\"url\":\"https:\\\/\\\/advancedsecuritytools.com\\\/\",\"name\":\"Consultor&iacute;a de seguridad\",\"description\":\"Seguridad internacional\",\"publisher\":{\"@id\":\"https:\\\/\\\/advancedsecuritytools.com\\\/#organization\"},\"potentialAction\":[{\"@type\":\"SearchAction\",\"target\":{\"@type\":\"EntryPoint\",\"urlTemplate\":\"https:\\\/\\\/advancedsecuritytools.com\\\/?s={search_term_string}\"},\"query-input\":{\"@type\":\"PropertyValueSpecification\",\"valueRequired\":true,\"valueName\":\"search_term_string\"}}],\"inLanguage\":\"en-GB\"},{\"@type\":\"Organization\",\"@id\":\"https:\\\/\\\/advancedsecuritytools.com\\\/#organization\",\"name\":\"Consultor&iacute;a de seguridad\",\"url\":\"https:\\\/\\\/advancedsecuritytools.com\\\/\",\"logo\":{\"@type\":\"ImageObject\",\"inLanguage\":\"en-GB\",\"@id\":\"https:\\\/\\\/advancedsecuritytools.com\\\/#\\\/schema\\\/logo\\\/image\\\/\",\"url\":\"https:\\\/\\\/advancedsecuritytools.com\\\/wp-content\\\/uploads\\\/2023\\\/06\\\/logo-web-ASBG.png\",\"contentUrl\":\"https:\\\/\\\/advancedsecuritytools.com\\\/wp-content\\\/uploads\\\/2023\\\/06\\\/logo-web-ASBG.png\",\"width\":250,\"height\":138,\"caption\":\"Consultor&iacute;a de seguridad\"},\"image\":{\"@id\":\"https:\\\/\\\/advancedsecuritytools.com\\\/#\\\/schema\\\/logo\\\/image\\\/\"},\"sameAs\":[\"https:\\\/\\\/www.linkedin.com\\\/company\\\/advanced-security-business-group\"]}]}<\/script>\n<!-- \/ Yoast SEO plugin. -->","yoast_head_json":{"title":"Security experts - Anti-terrorist prevention","description":"Expertos en seguridad preventiva, reactiva y antiterrorista. Investigaciones corporativas, protecci\u00f3n patrimonial.","robots":{"index":"index","follow":"follow","max-snippet":"max-snippet:-1","max-image-preview":"max-image-preview:large","max-video-preview":"max-video-preview:-1"},"canonical":"https:\/\/advancedsecuritytools.com\/en\/empresa\/","og_locale":"en_GB","og_type":"article","og_title":"Expertos en seguridad preventiva, reactiva y antiterrorista","og_description":"Expertos en seguridad preventiva, reactiva y antiterrorista. Investigaciones corporativas, protecci\u00f3n patrimonial.","og_url":"https:\/\/advancedsecuritytools.com\/en\/empresa\/","og_site_name":"Consultor&iacute;a de seguridad","article_modified_time":"2023-10-24T14:14:27+00:00","twitter_card":"summary_large_image","twitter_misc":{"Estimated reading time":"1 minute"},"schema":{"@context":"https:\/\/schema.org","@graph":[{"@type":"WebPage","@id":"https:\/\/advancedsecuritytools.com\/empresa\/","url":"https:\/\/advancedsecuritytools.com\/empresa\/","name":"Security experts - Anti-terrorist prevention","isPartOf":{"@id":"https:\/\/advancedsecuritytools.com\/#website"},"datePublished":"2023-06-25T17:33:28+00:00","dateModified":"2023-10-24T14:14:27+00:00","description":"Expertos en seguridad preventiva, reactiva y antiterrorista. Investigaciones corporativas, protecci\u00f3n patrimonial.","breadcrumb":{"@id":"https:\/\/advancedsecuritytools.com\/empresa\/#breadcrumb"},"inLanguage":"en-GB","potentialAction":[{"@type":"ReadAction","target":["https:\/\/advancedsecuritytools.com\/empresa\/"]}]},{"@type":"BreadcrumbList","@id":"https:\/\/advancedsecuritytools.com\/empresa\/#breadcrumb","itemListElement":[{"@type":"ListItem","position":1,"name":"Portada","item":"https:\/\/advancedsecuritytools.com\/"},{"@type":"ListItem","position":2,"name":"Empresa"}]},{"@type":"WebSite","@id":"https:\/\/advancedsecuritytools.com\/#website","url":"https:\/\/advancedsecuritytools.com\/","name":"Home","description":"International Scope","publisher":{"@id":"https:\/\/advancedsecuritytools.com\/#organization"},"potentialAction":[{"@type":"SearchAction","target":{"@type":"EntryPoint","urlTemplate":"https:\/\/advancedsecuritytools.com\/?s={search_term_string}"},"query-input":{"@type":"PropertyValueSpecification","valueRequired":true,"valueName":"search_term_string"}}],"inLanguage":"en-GB"},{"@type":"Organization","@id":"https:\/\/advancedsecuritytools.com\/#organization","name":"Home","url":"https:\/\/advancedsecuritytools.com\/","logo":{"@type":"ImageObject","inLanguage":"en-GB","@id":"https:\/\/advancedsecuritytools.com\/#\/schema\/logo\/image\/","url":"https:\/\/advancedsecuritytools.com\/wp-content\/uploads\/2023\/06\/logo-web-ASBG.png","contentUrl":"https:\/\/advancedsecuritytools.com\/wp-content\/uploads\/2023\/06\/logo-web-ASBG.png","width":250,"height":138,"caption":"Consultor&iacute;a de seguridad"},"image":{"@id":"https:\/\/advancedsecuritytools.com\/#\/schema\/logo\/image\/"},"sameAs":["https:\/\/www.linkedin.com\/company\/advanced-security-business-group"]}]}},"_links":{"self":[{"href":"https:\/\/advancedsecuritytools.com\/en\/wp-json\/wp\/v2\/pages\/2128","targetHints":{"allow":["GET"]}}],"collection":[{"href":"https:\/\/advancedsecuritytools.com\/en\/wp-json\/wp\/v2\/pages"}],"about":[{"href":"https:\/\/advancedsecuritytools.com\/en\/wp-json\/wp\/v2\/types\/page"}],"author":[{"embeddable":true,"href":"https:\/\/advancedsecuritytools.com\/en\/wp-json\/wp\/v2\/users\/1"}],"replies":[{"embeddable":true,"href":"https:\/\/advancedsecuritytools.com\/en\/wp-json\/wp\/v2\/comments?post=2128"}],"version-history":[{"count":5,"href":"https:\/\/advancedsecuritytools.com\/en\/wp-json\/wp\/v2\/pages\/2128\/revisions"}],"predecessor-version":[{"id":2334,"href":"https:\/\/advancedsecuritytools.com\/en\/wp-json\/wp\/v2\/pages\/2128\/revisions\/2334"}],"wp:attachment":[{"href":"https:\/\/advancedsecuritytools.com\/en\/wp-json\/wp\/v2\/media?parent=2128"}],"curies":[{"name":"wp","href":"https:\/\/api.w.org\/{rel}","templated":true}]}}