{"id":2,"date":"2023-05-24T11:59:52","date_gmt":"2023-05-24T11:59:52","guid":{"rendered":"https:\/\/advancedsecuritytools.com\/?page_id=2"},"modified":"2023-10-24T14:18:50","modified_gmt":"2023-10-24T14:18:50","slug":"seguridad-y-videovigilancia-con-drones","status":"publish","type":"page","link":"https:\/\/advancedsecuritytools.com\/en\/seguridad-y-videovigilancia-con-drones\/","title":{"rendered":"Drone operator"},"content":{"rendered":"<div data-elementor-type=\"wp-page\" data-elementor-id=\"2\" class=\"elementor elementor-2\">\n\t\t\t\t\t\t<section class=\"elementor-section elementor-top-section elementor-element elementor-element-02531c5 elementor-section-boxed elementor-section-height-default elementor-section-height-default\" data-id=\"02531c5\" data-element_type=\"section\" data-e-type=\"section\">\n\t\t\t\t\t\t<div class=\"elementor-container elementor-column-gap-default\">\n\t\t\t\t\t<div class=\"elementor-column elementor-col-100 elementor-top-column elementor-element elementor-element-535abda\" data-id=\"535abda\" data-element_type=\"column\" data-e-type=\"column\">\n\t\t\t<div class=\"elementor-widget-wrap elementor-element-populated\">\n\t\t\t\t\t\t<div class=\"elementor-element elementor-element-4d378f5 elementor-widget elementor-widget-heading\" data-id=\"4d378f5\" data-element_type=\"widget\" data-e-type=\"widget\" data-widget_type=\"heading.default\">\n\t\t\t\t<div class=\"elementor-widget-container\">\n\t\t\t\t\t<h1 class=\"elementor-heading-title elementor-size-default\">Drone operator<\/h1>\t\t\t\t<\/div>\n\t\t\t\t<\/div>\n\t\t\t\t\t<\/div>\n\t\t<\/div>\n\t\t\t\t\t<\/div>\n\t\t<\/section>\n\t\t\t\t<section class=\"elementor-section elementor-top-section elementor-element elementor-element-3e4e327 elementor-section-boxed elementor-section-height-default elementor-section-height-default\" data-id=\"3e4e327\" data-element_type=\"section\" data-e-type=\"section\">\n\t\t\t\t\t\t<div class=\"elementor-container elementor-column-gap-default\">\n\t\t\t\t\t<div class=\"elementor-column elementor-col-100 elementor-top-column elementor-element elementor-element-2df77e6\" data-id=\"2df77e6\" data-element_type=\"column\" data-e-type=\"column\">\n\t\t\t<div class=\"elementor-widget-wrap elementor-element-populated\">\n\t\t\t\t\t\t<div class=\"elementor-element elementor-element-473e3dc elementor-widget elementor-widget-spacer\" data-id=\"473e3dc\" data-element_type=\"widget\" data-e-type=\"widget\" data-widget_type=\"spacer.default\">\n\t\t\t\t<div class=\"elementor-widget-container\">\n\t\t\t\t\t\t\t<div class=\"elementor-spacer\">\n\t\t\t<div class=\"elementor-spacer-inner\"><\/div>\n\t\t<\/div>\n\t\t\t\t\t\t<\/div>\n\t\t\t\t<\/div>\n\t\t\t\t\t<\/div>\n\t\t<\/div>\n\t\t\t\t\t<\/div>\n\t\t<\/section>\n\t\t\t\t<section class=\"elementor-section elementor-top-section elementor-element elementor-element-17aeb32 elementor-section-boxed elementor-section-height-default elementor-section-height-default\" data-id=\"17aeb32\" data-element_type=\"section\" data-e-type=\"section\">\n\t\t\t\t\t\t<div class=\"elementor-container elementor-column-gap-default\">\n\t\t\t\t\t<div class=\"elementor-column elementor-col-50 elementor-top-column elementor-element elementor-element-1cb28ad\" data-id=\"1cb28ad\" data-element_type=\"column\" data-e-type=\"column\">\n\t\t\t<div class=\"elementor-widget-wrap elementor-element-populated\">\n\t\t\t\t\t\t<div class=\"elementor-element elementor-element-cbeebf0 elementor-widget elementor-widget-text-editor\" data-id=\"cbeebf0\" data-element_type=\"widget\" data-e-type=\"widget\" data-widget_type=\"text-editor.default\">\n\t\t\t\t<div class=\"elementor-widget-container\">\n\t\t\t\t\t\t\t\t\t<p>Advanced Security Business Group is certified by AESA as a drone operator for the following activities related to aerial work:<\/p>\n<p>\u2013  Research and instrumental recognition<br \/>\u2013 Filming and aerial surveys <br \/>\u2013 Aerial observation and surveillance<br \/>\u2013 Emergency operations, search and rescue<\/p>\n<p><br \/>Depending on the tasks and studies to be carried out, when experimental tests are essential, especially regarding the ability of a dron in the execution of an operational flight, real drills are carried out with the collaboration of the National Institute of Aerospace Techniques.<\/p>\t\t\t\t\t\t\t\t<\/div>\n\t\t\t\t<\/div>\n\t\t\t\t\t<\/div>\n\t\t<\/div>\n\t\t\t\t<div class=\"elementor-column elementor-col-50 elementor-top-column elementor-element elementor-element-458586e\" data-id=\"458586e\" data-element_type=\"column\" data-e-type=\"column\">\n\t\t\t<div class=\"elementor-widget-wrap elementor-element-populated\">\n\t\t\t\t\t\t<div class=\"elementor-element elementor-element-96946df elementor-widget elementor-widget-image\" data-id=\"96946df\" data-element_type=\"widget\" data-e-type=\"widget\" data-widget_type=\"image.default\">\n\t\t\t\t<div class=\"elementor-widget-container\">\n\t\t\t\t\t\t\t\t\t\t\t\t\t\t\t<img fetchpriority=\"high\" decoding=\"async\" width=\"640\" height=\"427\" src=\"https:\/\/advancedsecuritytools.com\/wp-content\/uploads\/2023\/06\/empresa-operadora-de-drones.jpg\" class=\"attachment-large size-large wp-image-2113\" alt=\"\" srcset=\"https:\/\/advancedsecuritytools.com\/wp-content\/uploads\/2023\/06\/empresa-operadora-de-drones.jpg 850w, https:\/\/advancedsecuritytools.com\/wp-content\/uploads\/2023\/06\/empresa-operadora-de-drones-300x200.jpg 300w, https:\/\/advancedsecuritytools.com\/wp-content\/uploads\/2023\/06\/empresa-operadora-de-drones-768x512.jpg 768w, https:\/\/advancedsecuritytools.com\/wp-content\/uploads\/2023\/06\/empresa-operadora-de-drones-18x12.jpg 18w\" sizes=\"(max-width: 640px) 100vw, 640px\" \/>\t\t\t\t\t\t\t\t\t\t\t\t\t\t\t<\/div>\n\t\t\t\t<\/div>\n\t\t\t\t\t<\/div>\n\t\t<\/div>\n\t\t\t\t\t<\/div>\n\t\t<\/section>\n\t\t\t\t<\/div>","protected":false},"excerpt":{"rendered":"<p>Seguridad y videovigilancia con drones Advanced Security Business Group est\u00e1 certificada por AESA como operadora de drones para las siguientes actividades relacionadas con trabajos a\u00e9reos: &#8211; Investigaci\u00f3n y reconocimiento instrumental &#8211; Filmaciones y levantamientos a\u00e9reos &#8211; Observaci\u00f3n y vigilancia a\u00e9rea &#8211; Operaciones de emergencia, b\u00fasqueda y salvamento En dependencia de las tareas a y estudios [&hellip;]<\/p>\n","protected":false},"author":1,"featured_media":0,"parent":0,"menu_order":0,"comment_status":"closed","ping_status":"closed","template":"","meta":{"footnotes":""},"class_list":["post-2","page","type-page","status-publish","hentry"],"yoast_head":"<!-- This site is optimized with the Yoast SEO plugin v27.3 - https:\/\/yoast.com\/product\/yoast-seo-wordpress\/ -->\n<title>Seguridad y videovigilancia con drones<\/title>\n<meta name=\"description\" content=\"Empresa operadora de drones. Seguridad y videovigilancia con drones. Observaci\u00f3n y vigilancia a\u00e9rea.\" \/>\n<meta name=\"robots\" content=\"index, follow, max-snippet:-1, max-image-preview:large, max-video-preview:-1\" \/>\n<link rel=\"canonical\" href=\"https:\/\/advancedsecuritytools.com\/en\/seguridad-y-videovigilancia-con-drones\/\" \/>\n<meta property=\"og:locale\" content=\"en_GB\" \/>\n<meta property=\"og:type\" content=\"article\" \/>\n<meta property=\"og:title\" content=\"Seguridad y videovigilancia con drones\" \/>\n<meta property=\"og:description\" content=\"Empresa operadora de drones. Seguridad y videovigilancia con drones. Observaci\u00f3n y vigilancia a\u00e9rea.\" \/>\n<meta property=\"og:url\" content=\"https:\/\/advancedsecuritytools.com\/en\/seguridad-y-videovigilancia-con-drones\/\" \/>\n<meta property=\"og:site_name\" content=\"Consultor&iacute;a de seguridad\" \/>\n<meta property=\"article:modified_time\" content=\"2023-10-24T14:18:50+00:00\" \/>\n<meta property=\"og:image\" content=\"https:\/\/advancedsecuritytools.com\/wp-content\/uploads\/2023\/06\/empresa-operadora-de-drones.jpg\" \/>\n<meta name=\"twitter:card\" content=\"summary_large_image\" \/>\n<meta name=\"twitter:label1\" content=\"Estimated reading time\" \/>\n\t<meta name=\"twitter:data1\" content=\"1 minute\" \/>\n<script type=\"application\/ld+json\" class=\"yoast-schema-graph\">{\"@context\":\"https:\\\/\\\/schema.org\",\"@graph\":[{\"@type\":\"WebPage\",\"@id\":\"https:\\\/\\\/advancedsecuritytools.com\\\/seguridad-y-videovigilancia-con-drones\\\/\",\"url\":\"https:\\\/\\\/advancedsecuritytools.com\\\/seguridad-y-videovigilancia-con-drones\\\/\",\"name\":\"Seguridad y videovigilancia con drones\",\"isPartOf\":{\"@id\":\"https:\\\/\\\/advancedsecuritytools.com\\\/#website\"},\"primaryImageOfPage\":{\"@id\":\"https:\\\/\\\/advancedsecuritytools.com\\\/seguridad-y-videovigilancia-con-drones\\\/#primaryimage\"},\"image\":{\"@id\":\"https:\\\/\\\/advancedsecuritytools.com\\\/seguridad-y-videovigilancia-con-drones\\\/#primaryimage\"},\"thumbnailUrl\":\"https:\\\/\\\/advancedsecuritytools.com\\\/wp-content\\\/uploads\\\/2023\\\/06\\\/empresa-operadora-de-drones.jpg\",\"datePublished\":\"2023-05-24T11:59:52+00:00\",\"dateModified\":\"2023-10-24T14:18:50+00:00\",\"description\":\"Empresa operadora de drones. Seguridad y videovigilancia con drones. Observaci\u00f3n y vigilancia a\u00e9rea.\",\"breadcrumb\":{\"@id\":\"https:\\\/\\\/advancedsecuritytools.com\\\/seguridad-y-videovigilancia-con-drones\\\/#breadcrumb\"},\"inLanguage\":\"en-GB\",\"potentialAction\":[{\"@type\":\"ReadAction\",\"target\":[\"https:\\\/\\\/advancedsecuritytools.com\\\/seguridad-y-videovigilancia-con-drones\\\/\"]}]},{\"@type\":\"ImageObject\",\"inLanguage\":\"en-GB\",\"@id\":\"https:\\\/\\\/advancedsecuritytools.com\\\/seguridad-y-videovigilancia-con-drones\\\/#primaryimage\",\"url\":\"https:\\\/\\\/advancedsecuritytools.com\\\/wp-content\\\/uploads\\\/2023\\\/06\\\/empresa-operadora-de-drones.jpg\",\"contentUrl\":\"https:\\\/\\\/advancedsecuritytools.com\\\/wp-content\\\/uploads\\\/2023\\\/06\\\/empresa-operadora-de-drones.jpg\"},{\"@type\":\"BreadcrumbList\",\"@id\":\"https:\\\/\\\/advancedsecuritytools.com\\\/seguridad-y-videovigilancia-con-drones\\\/#breadcrumb\",\"itemListElement\":[{\"@type\":\"ListItem\",\"position\":1,\"name\":\"Portada\",\"item\":\"https:\\\/\\\/advancedsecuritytools.com\\\/\"},{\"@type\":\"ListItem\",\"position\":2,\"name\":\"Seguridad y videovigilancia con drones\"}]},{\"@type\":\"WebSite\",\"@id\":\"https:\\\/\\\/advancedsecuritytools.com\\\/#website\",\"url\":\"https:\\\/\\\/advancedsecuritytools.com\\\/\",\"name\":\"Consultor&iacute;a de seguridad\",\"description\":\"Seguridad internacional\",\"publisher\":{\"@id\":\"https:\\\/\\\/advancedsecuritytools.com\\\/#organization\"},\"potentialAction\":[{\"@type\":\"SearchAction\",\"target\":{\"@type\":\"EntryPoint\",\"urlTemplate\":\"https:\\\/\\\/advancedsecuritytools.com\\\/?s={search_term_string}\"},\"query-input\":{\"@type\":\"PropertyValueSpecification\",\"valueRequired\":true,\"valueName\":\"search_term_string\"}}],\"inLanguage\":\"en-GB\"},{\"@type\":\"Organization\",\"@id\":\"https:\\\/\\\/advancedsecuritytools.com\\\/#organization\",\"name\":\"Consultor&iacute;a de seguridad\",\"url\":\"https:\\\/\\\/advancedsecuritytools.com\\\/\",\"logo\":{\"@type\":\"ImageObject\",\"inLanguage\":\"en-GB\",\"@id\":\"https:\\\/\\\/advancedsecuritytools.com\\\/#\\\/schema\\\/logo\\\/image\\\/\",\"url\":\"https:\\\/\\\/advancedsecuritytools.com\\\/wp-content\\\/uploads\\\/2023\\\/06\\\/logo-web-ASBG.png\",\"contentUrl\":\"https:\\\/\\\/advancedsecuritytools.com\\\/wp-content\\\/uploads\\\/2023\\\/06\\\/logo-web-ASBG.png\",\"width\":250,\"height\":138,\"caption\":\"Consultor&iacute;a de seguridad\"},\"image\":{\"@id\":\"https:\\\/\\\/advancedsecuritytools.com\\\/#\\\/schema\\\/logo\\\/image\\\/\"},\"sameAs\":[\"https:\\\/\\\/www.linkedin.com\\\/company\\\/advanced-security-business-group\"]}]}<\/script>\n<!-- \/ Yoast SEO plugin. -->","yoast_head_json":{"title":"Drone operator","description":"Empresa operadora de drones. Seguridad y videovigilancia con drones. Observaci\u00f3n y vigilancia a\u00e9rea.","robots":{"index":"index","follow":"follow","max-snippet":"max-snippet:-1","max-image-preview":"max-image-preview:large","max-video-preview":"max-video-preview:-1"},"canonical":"https:\/\/advancedsecuritytools.com\/en\/seguridad-y-videovigilancia-con-drones\/","og_locale":"en_GB","og_type":"article","og_title":"Seguridad y videovigilancia con drones","og_description":"Empresa operadora de drones. Seguridad y videovigilancia con drones. Observaci\u00f3n y vigilancia a\u00e9rea.","og_url":"https:\/\/advancedsecuritytools.com\/en\/seguridad-y-videovigilancia-con-drones\/","og_site_name":"Consultor&iacute;a de seguridad","article_modified_time":"2023-10-24T14:18:50+00:00","og_image":[{"url":"https:\/\/advancedsecuritytools.com\/wp-content\/uploads\/2023\/06\/empresa-operadora-de-drones.jpg","type":"","width":"","height":""}],"twitter_card":"summary_large_image","twitter_misc":{"Estimated reading time":"1 minute"},"schema":{"@context":"https:\/\/schema.org","@graph":[{"@type":"WebPage","@id":"https:\/\/advancedsecuritytools.com\/seguridad-y-videovigilancia-con-drones\/","url":"https:\/\/advancedsecuritytools.com\/seguridad-y-videovigilancia-con-drones\/","name":"Drone operator","isPartOf":{"@id":"https:\/\/advancedsecuritytools.com\/#website"},"primaryImageOfPage":{"@id":"https:\/\/advancedsecuritytools.com\/seguridad-y-videovigilancia-con-drones\/#primaryimage"},"image":{"@id":"https:\/\/advancedsecuritytools.com\/seguridad-y-videovigilancia-con-drones\/#primaryimage"},"thumbnailUrl":"https:\/\/advancedsecuritytools.com\/wp-content\/uploads\/2023\/06\/empresa-operadora-de-drones.jpg","datePublished":"2023-05-24T11:59:52+00:00","dateModified":"2023-10-24T14:18:50+00:00","description":"Empresa operadora de drones. Seguridad y videovigilancia con drones. Observaci\u00f3n y vigilancia a\u00e9rea.","breadcrumb":{"@id":"https:\/\/advancedsecuritytools.com\/seguridad-y-videovigilancia-con-drones\/#breadcrumb"},"inLanguage":"en-GB","potentialAction":[{"@type":"ReadAction","target":["https:\/\/advancedsecuritytools.com\/seguridad-y-videovigilancia-con-drones\/"]}]},{"@type":"ImageObject","inLanguage":"en-GB","@id":"https:\/\/advancedsecuritytools.com\/seguridad-y-videovigilancia-con-drones\/#primaryimage","url":"https:\/\/advancedsecuritytools.com\/wp-content\/uploads\/2023\/06\/empresa-operadora-de-drones.jpg","contentUrl":"https:\/\/advancedsecuritytools.com\/wp-content\/uploads\/2023\/06\/empresa-operadora-de-drones.jpg"},{"@type":"BreadcrumbList","@id":"https:\/\/advancedsecuritytools.com\/seguridad-y-videovigilancia-con-drones\/#breadcrumb","itemListElement":[{"@type":"ListItem","position":1,"name":"Portada","item":"https:\/\/advancedsecuritytools.com\/"},{"@type":"ListItem","position":2,"name":"Seguridad y videovigilancia con drones"}]},{"@type":"WebSite","@id":"https:\/\/advancedsecuritytools.com\/#website","url":"https:\/\/advancedsecuritytools.com\/","name":"Home","description":"International Scope","publisher":{"@id":"https:\/\/advancedsecuritytools.com\/#organization"},"potentialAction":[{"@type":"SearchAction","target":{"@type":"EntryPoint","urlTemplate":"https:\/\/advancedsecuritytools.com\/?s={search_term_string}"},"query-input":{"@type":"PropertyValueSpecification","valueRequired":true,"valueName":"search_term_string"}}],"inLanguage":"en-GB"},{"@type":"Organization","@id":"https:\/\/advancedsecuritytools.com\/#organization","name":"Home","url":"https:\/\/advancedsecuritytools.com\/","logo":{"@type":"ImageObject","inLanguage":"en-GB","@id":"https:\/\/advancedsecuritytools.com\/#\/schema\/logo\/image\/","url":"https:\/\/advancedsecuritytools.com\/wp-content\/uploads\/2023\/06\/logo-web-ASBG.png","contentUrl":"https:\/\/advancedsecuritytools.com\/wp-content\/uploads\/2023\/06\/logo-web-ASBG.png","width":250,"height":138,"caption":"Consultor&iacute;a de seguridad"},"image":{"@id":"https:\/\/advancedsecuritytools.com\/#\/schema\/logo\/image\/"},"sameAs":["https:\/\/www.linkedin.com\/company\/advanced-security-business-group"]}]}},"_links":{"self":[{"href":"https:\/\/advancedsecuritytools.com\/en\/wp-json\/wp\/v2\/pages\/2","targetHints":{"allow":["GET"]}}],"collection":[{"href":"https:\/\/advancedsecuritytools.com\/en\/wp-json\/wp\/v2\/pages"}],"about":[{"href":"https:\/\/advancedsecuritytools.com\/en\/wp-json\/wp\/v2\/types\/page"}],"author":[{"embeddable":true,"href":"https:\/\/advancedsecuritytools.com\/en\/wp-json\/wp\/v2\/users\/1"}],"replies":[{"embeddable":true,"href":"https:\/\/advancedsecuritytools.com\/en\/wp-json\/wp\/v2\/comments?post=2"}],"version-history":[{"count":5,"href":"https:\/\/advancedsecuritytools.com\/en\/wp-json\/wp\/v2\/pages\/2\/revisions"}],"predecessor-version":[{"id":2336,"href":"https:\/\/advancedsecuritytools.com\/en\/wp-json\/wp\/v2\/pages\/2\/revisions\/2336"}],"wp:attachment":[{"href":"https:\/\/advancedsecuritytools.com\/en\/wp-json\/wp\/v2\/media?parent=2"}],"curies":[{"name":"wp","href":"https:\/\/api.w.org\/{rel}","templated":true}]}}